{"id":9,"date":"2015-10-14T17:24:01","date_gmt":"2015-10-14T15:24:01","guid":{"rendered":"http:\/\/meine-welt.ch.85-25-100-224.luna552.startdedicated.de\/?page_id=9"},"modified":"2026-01-16T09:28:26","modified_gmt":"2026-01-16T08:28:26","slug":"projekt","status":"publish","type":"page","link":"https:\/\/dka.ch\/index.php\/projekt\/","title":{"rendered":"Projekt-Planung"},"content":{"rendered":"\n<h1 class=\"wp-block-heading has-text-align-center\"><b>Studio f\u00fcr CAD-Planung<br>\nDesign, Konstruktion &amp; Architektur<\/b><\/h1>\n\n\n\n<hr class=\"wp-block-separator has-alpha-channel-opacity\"\/>\n\n\n\n<p class=\"has-text-align-center\"><span style=\"color: #000000;\">Wir unterst\u00fctzen Sie in allen Belangen der CAD-Planung:<br> 3 Jahrzehnte Planungs-Erfahrung,&nbsp;<\/span><span style=\"color: #000000;\">Sie werden den Nutzen&nbsp;zu sch\u00e4tzen wissen.<\/span><\/p>\n\n\n\n<div class=\"haupttext\" style=\"text-align: center;\">\n<hr>\n<h3 style=\"text-align: center;\"><span style=\"color: #ffffff;\"><b style=\"color: #333333;\">zum Beispiel: SUSTAINABLE ARCHITECTURE DESIGN<br>\n<\/b><\/span><span style=\"color: #333333;\">Minergie-P Zertifizierung Nr. BS 017-P, BS 018-P &amp; BS 019-P<\/span><\/h3>\n<\/div>\n\n\n\n<div class=\"haupttext\" style=\"text-align: center;\">\n<\/div>\n\n\n<div class=\"wp-block-image wp-image-397 size-full\">\n<figure class=\"aligncenter\"><img loading=\"lazy\" decoding=\"async\" width=\"900\" height=\"402\" src=\"https:\/\/dka.ch\/wp-content\/uploads\/2015\/11\/G26-01.jpg\" alt=\"Verkaufsbrosch\u00fcre E&amp;V\" class=\"wp-image-397\" srcset=\"https:\/\/dka.ch\/wp-content\/uploads\/2015\/11\/G26-01.jpg 900w, https:\/\/dka.ch\/wp-content\/uploads\/2015\/11\/G26-01-300x134.jpg 300w\" sizes=\"auto, (max-width: 900px) 100vw, 900px\" \/><\/figure>\n<\/div>\n\n\n<hr class=\"wp-block-separator has-alpha-channel-opacity\"\/>\n\n\n<div class=\"wp-block-image wp-image-398 size-full\">\n<figure class=\"aligncenter\"><img loading=\"lazy\" decoding=\"async\" width=\"900\" height=\"446\" src=\"https:\/\/dka.ch\/wp-content\/uploads\/2015\/11\/G26-02.jpg\" alt=\"Verkaufsbrosch\u00fcre E&amp;V\" class=\"wp-image-398\" srcset=\"https:\/\/dka.ch\/wp-content\/uploads\/2015\/11\/G26-02.jpg 900w, https:\/\/dka.ch\/wp-content\/uploads\/2015\/11\/G26-02-300x149.jpg 300w\" sizes=\"auto, (max-width: 900px) 100vw, 900px\" \/><\/figure>\n<\/div>\n\n\n<hr class=\"wp-block-separator has-alpha-channel-opacity\"\/>\n\n\n<div class=\"wp-block-image wp-image-399 size-full\">\n<figure class=\"aligncenter\"><img loading=\"lazy\" decoding=\"async\" width=\"900\" height=\"413\" src=\"https:\/\/dka.ch\/wp-content\/uploads\/2015\/11\/G26-03.jpg\" alt=\"Verkaufsbrosch\u00fcre E&amp;V\" class=\"wp-image-399\" srcset=\"https:\/\/dka.ch\/wp-content\/uploads\/2015\/11\/G26-03.jpg 900w, https:\/\/dka.ch\/wp-content\/uploads\/2015\/11\/G26-03-300x138.jpg 300w\" sizes=\"auto, (max-width: 900px) 100vw, 900px\" \/><\/figure>\n<\/div>\n\n\n<hr class=\"wp-block-separator has-alpha-channel-opacity\"\/>\n\n\n<div class=\"wp-block-image wp-image-400 size-full\">\n<figure class=\"aligncenter\"><img loading=\"lazy\" decoding=\"async\" width=\"900\" height=\"431\" src=\"https:\/\/dka.ch\/wp-content\/uploads\/2015\/11\/G26-04.jpg\" alt=\"Verkaufsbrosch\u00fcre E&amp;V\" class=\"wp-image-400\" srcset=\"https:\/\/dka.ch\/wp-content\/uploads\/2015\/11\/G26-04.jpg 900w, https:\/\/dka.ch\/wp-content\/uploads\/2015\/11\/G26-04-300x144.jpg 300w\" sizes=\"auto, (max-width: 900px) 100vw, 900px\" \/><\/figure>\n<\/div>\n\n\n<hr class=\"wp-block-separator has-alpha-channel-opacity\"\/>\n\n\n<div class=\"wp-block-image wp-image-401 size-full\">\n<figure class=\"aligncenter\"><img loading=\"lazy\" decoding=\"async\" width=\"900\" height=\"436\" src=\"https:\/\/dka.ch\/wp-content\/uploads\/2015\/11\/G26-05.jpg\" alt=\"Verkaufsbrosch\u00fcre E&amp;V\" class=\"wp-image-401\" srcset=\"https:\/\/dka.ch\/wp-content\/uploads\/2015\/11\/G26-05.jpg 900w, https:\/\/dka.ch\/wp-content\/uploads\/2015\/11\/G26-05-300x145.jpg 300w\" sizes=\"auto, (max-width: 900px) 100vw, 900px\" \/><\/figure>\n<\/div>\n\n\n<hr class=\"wp-block-separator has-alpha-channel-opacity\"\/>\n\n\n<div class=\"wp-block-image\">\n<figure class=\"aligncenter\"><img loading=\"lazy\" decoding=\"async\" width=\"1969\" height=\"1280\" src=\"https:\/\/dka.ch\/wp-content\/uploads\/2015\/10\/G26-Aussen.jpg\" alt=\"\" class=\"wp-image-1978\" srcset=\"https:\/\/dka.ch\/wp-content\/uploads\/2015\/10\/G26-Aussen.jpg 1969w, https:\/\/dka.ch\/wp-content\/uploads\/2015\/10\/G26-Aussen-300x195.jpg 300w, https:\/\/dka.ch\/wp-content\/uploads\/2015\/10\/G26-Aussen-768x499.jpg 768w, https:\/\/dka.ch\/wp-content\/uploads\/2015\/10\/G26-Aussen-1024x666.jpg 1024w, https:\/\/dka.ch\/wp-content\/uploads\/2015\/10\/G26-Aussen-1000x650.jpg 1000w\" sizes=\"auto, (max-width: 1969px) 100vw, 1969px\" \/><\/figure>\n<\/div>\n\n\n<hr class=\"wp-block-separator has-alpha-channel-opacity\"\/>\n\n\n<div class=\"wp-block-image\">\n<figure class=\"aligncenter\"><img loading=\"lazy\" decoding=\"async\" width=\"2181\" height=\"1315\" src=\"https:\/\/dka.ch\/wp-content\/uploads\/2015\/10\/G26-Innen.jpg\" alt=\"\" class=\"wp-image-1979\" srcset=\"https:\/\/dka.ch\/wp-content\/uploads\/2015\/10\/G26-Innen.jpg 2181w, https:\/\/dka.ch\/wp-content\/uploads\/2015\/10\/G26-Innen-300x181.jpg 300w, https:\/\/dka.ch\/wp-content\/uploads\/2015\/10\/G26-Innen-768x463.jpg 768w, https:\/\/dka.ch\/wp-content\/uploads\/2015\/10\/G26-Innen-1024x617.jpg 1024w, https:\/\/dka.ch\/wp-content\/uploads\/2015\/10\/G26-Innen-1000x603.jpg 1000w\" sizes=\"auto, (max-width: 2181px) 100vw, 2181px\" \/><\/figure>\n<\/div>\n\n\n<p class=\"has-text-align-center\"><br><\/p>\n\n\n\n<hr class=\"wp-block-separator has-alpha-channel-opacity\"\/>\n\n\n\n<div class=\"haupttext\" style=\"text-align: center;\">\n<\/div>\n\n\n<div class=\"wp-block-image wp-image-402 size-full\">\n<figure class=\"aligncenter\"><img loading=\"lazy\" decoding=\"async\" width=\"900\" height=\"430\" src=\"https:\/\/dka.ch\/wp-content\/uploads\/2015\/11\/G26-06.jpg\" alt=\"Ansicht\" class=\"wp-image-402\" srcset=\"https:\/\/dka.ch\/wp-content\/uploads\/2015\/11\/G26-06.jpg 900w, https:\/\/dka.ch\/wp-content\/uploads\/2015\/11\/G26-06-300x143.jpg 300w\" sizes=\"auto, (max-width: 900px) 100vw, 900px\" \/><\/figure>\n<\/div>\n\n\n<hr class=\"wp-block-separator has-alpha-channel-opacity\"\/>\n\n\n<div class=\"wp-block-image wp-image-403 size-full\">\n<figure class=\"aligncenter\"><img loading=\"lazy\" decoding=\"async\" width=\"900\" height=\"545\" src=\"https:\/\/dka.ch\/wp-content\/uploads\/2015\/11\/G26-07.jpg\" alt=\"Ansichten\" class=\"wp-image-403\" srcset=\"https:\/\/dka.ch\/wp-content\/uploads\/2015\/11\/G26-07.jpg 900w, https:\/\/dka.ch\/wp-content\/uploads\/2015\/11\/G26-07-300x182.jpg 300w\" sizes=\"auto, (max-width: 900px) 100vw, 900px\" \/><figcaption class=\"wp-element-caption\">\u2022<\/figcaption><\/figure>\n<\/div>\n\n\n<hr class=\"wp-block-separator has-alpha-channel-opacity\"\/>\n\n\n<div class=\"wp-block-image wp-image-404 size-full\">\n<figure class=\"aligncenter\"><img loading=\"lazy\" decoding=\"async\" width=\"900\" height=\"524\" src=\"https:\/\/dka.ch\/wp-content\/uploads\/2015\/11\/G26-08.jpg\" alt=\"Ansicht\" class=\"wp-image-404\" srcset=\"https:\/\/dka.ch\/wp-content\/uploads\/2015\/11\/G26-08.jpg 900w, https:\/\/dka.ch\/wp-content\/uploads\/2015\/11\/G26-08-300x175.jpg 300w\" sizes=\"auto, (max-width: 900px) 100vw, 900px\" \/><\/figure>\n<\/div>\n\n\n<hr class=\"wp-block-separator has-alpha-channel-opacity\"\/>\n\n\n<div class=\"wp-block-image wp-image-407 size-full\">\n<figure class=\"aligncenter\"><img loading=\"lazy\" decoding=\"async\" width=\"900\" height=\"598\" src=\"https:\/\/dka.ch\/wp-content\/uploads\/2015\/11\/G26-11.jpg\" alt=\"G26 11\" class=\"wp-image-407\" srcset=\"https:\/\/dka.ch\/wp-content\/uploads\/2015\/11\/G26-11.jpg 900w, https:\/\/dka.ch\/wp-content\/uploads\/2015\/11\/G26-11-300x199.jpg 300w, https:\/\/dka.ch\/wp-content\/uploads\/2015\/11\/G26-11-660x440.jpg 660w, https:\/\/dka.ch\/wp-content\/uploads\/2015\/11\/G26-11-373x248.jpg 373w\" sizes=\"auto, (max-width: 900px) 100vw, 900px\" \/><\/figure>\n<\/div>\n\n\n<hr class=\"wp-block-separator has-alpha-channel-opacity\"\/>\n\n\n<div class=\"wp-block-image wp-image-405 size-full\">\n<figure class=\"aligncenter\"><img loading=\"lazy\" decoding=\"async\" width=\"900\" height=\"519\" src=\"https:\/\/dka.ch\/wp-content\/uploads\/2015\/11\/G26-09.jpg\" alt=\"G26 09\" class=\"wp-image-405\" srcset=\"https:\/\/dka.ch\/wp-content\/uploads\/2015\/11\/G26-09.jpg 900w, https:\/\/dka.ch\/wp-content\/uploads\/2015\/11\/G26-09-300x173.jpg 300w\" sizes=\"auto, (max-width: 900px) 100vw, 900px\" \/><\/figure>\n<\/div>\n\n\n<hr class=\"wp-block-separator has-alpha-channel-opacity\"\/>\n\n\n<div class=\"wp-block-image wp-image-406 size-full\">\n<figure class=\"aligncenter\"><img loading=\"lazy\" decoding=\"async\" width=\"900\" height=\"567\" src=\"https:\/\/dka.ch\/wp-content\/uploads\/2015\/11\/G26-10.jpg\" alt=\"G26 10\" class=\"wp-image-406\" srcset=\"https:\/\/dka.ch\/wp-content\/uploads\/2015\/11\/G26-10.jpg 900w, https:\/\/dka.ch\/wp-content\/uploads\/2015\/11\/G26-10-300x189.jpg 300w\" sizes=\"auto, (max-width: 900px) 100vw, 900px\" \/><\/figure>\n<\/div>\n\n\n<hr class=\"wp-block-separator has-alpha-channel-opacity\"\/>\n\n\n\n<p>DKA GmbH \u2022 Pfeffingerstrasse 12 \u2022 4147 Aesch\\BL \u2022 079 724 46 38 \u2022 cadplaner@icloud.com<\/p>\n\n\n\n<p class=\"has-text-align-center\"><\/p>\n","protected":false},"excerpt":{"rendered":"<p>Studio f\u00fcr CAD-Planung Design, Konstruktion &amp; Architektur Wir unterst\u00fctzen Sie in allen Belangen der CAD-Planung: 3 Jahrzehnte Planungs-Erfahrung,&nbsp;Sie werden den Nutzen&nbsp;zu sch\u00e4tzen wissen. zum Beispiel: SUSTAINABLE ARCHITECTURE DESIGN Minergie-P Zertifizierung Nr. BS 017-P, BS 018-P&hellip; <a class=\"excerpt-more-link\" href=\"https:\/\/dka.ch\/index.php\/projekt\/\">Read More<\/a><\/p>\n","protected":false},"author":1,"featured_media":0,"parent":0,"menu_order":0,"comment_status":"closed","ping_status":"closed","template":"","meta":{"footnotes":""},"class_list":["post-9","page","type-page","status-publish","hentry"],"_links":{"self":[{"href":"https:\/\/dka.ch\/index.php\/wp-json\/wp\/v2\/pages\/9","targetHints":{"allow":["GET"]}}],"collection":[{"href":"https:\/\/dka.ch\/index.php\/wp-json\/wp\/v2\/pages"}],"about":[{"href":"https:\/\/dka.ch\/index.php\/wp-json\/wp\/v2\/types\/page"}],"author":[{"embeddable":true,"href":"https:\/\/dka.ch\/index.php\/wp-json\/wp\/v2\/users\/1"}],"replies":[{"embeddable":true,"href":"https:\/\/dka.ch\/index.php\/wp-json\/wp\/v2\/comments?post=9"}],"version-history":[{"count":40,"href":"https:\/\/dka.ch\/index.php\/wp-json\/wp\/v2\/pages\/9\/revisions"}],"predecessor-version":[{"id":2330,"href":"https:\/\/dka.ch\/index.php\/wp-json\/wp\/v2\/pages\/9\/revisions\/2330"}],"wp:attachment":[{"href":"https:\/\/dka.ch\/index.php\/wp-json\/wp\/v2\/media?parent=9"}],"curies":[{"name":"wp","href":"https:\/\/api.w.org\/{rel}","templated":true}]}}