{"id":791,"date":"2016-01-14T16:56:29","date_gmt":"2016-01-14T15:56:29","guid":{"rendered":"http:\/\/meine-welt.ch.85-25-100-224.luna552.startdedicated.de\/?page_id=791"},"modified":"2023-08-22T15:15:34","modified_gmt":"2023-08-22T13:15:34","slug":"praesentation","status":"publish","type":"page","link":"https:\/\/dka.ch\/index.php\/praesentation\/","title":{"rendered":"Geb\u00e4udevermessung"},"content":{"rendered":"<p>Sie haben keine verl\u00e4sslichen Plangrundlagen Ihrer Bestandsliegenschaft?<br \/>\nWir lassen Ihre Liegenschaft mit 3D-Laserscanner vermessen und erstellen\u00a0auf dieser Basis<br \/>\ngenaue Plangrundlagen f\u00fcr Finanzierung, Verkauf, Projektplanung, f\u00fcr Baugesuch und f\u00fcr die<br \/>\nAusf\u00fchrungsplanung.<\/p>\n<p><img loading=\"lazy\" decoding=\"async\" class=\"aligncenter size-full wp-image-2035\" src=\"https:\/\/dka.ch\/wp-content\/uploads\/2023\/06\/H47-15.jpg\" alt=\"\" width=\"2400\" height=\"1338\" srcset=\"https:\/\/dka.ch\/wp-content\/uploads\/2023\/06\/H47-15.jpg 2400w, https:\/\/dka.ch\/wp-content\/uploads\/2023\/06\/H47-15-300x167.jpg 300w, https:\/\/dka.ch\/wp-content\/uploads\/2023\/06\/H47-15-768x428.jpg 768w, https:\/\/dka.ch\/wp-content\/uploads\/2023\/06\/H47-15-1024x571.jpg 1024w, https:\/\/dka.ch\/wp-content\/uploads\/2023\/06\/H47-15-1000x558.jpg 1000w\" sizes=\"auto, (max-width: 2400px) 100vw, 2400px\" \/> <img loading=\"lazy\" decoding=\"async\" class=\"aligncenter size-full wp-image-2030\" src=\"https:\/\/dka.ch\/wp-content\/uploads\/2023\/06\/H47-10.jpg\" alt=\"\" width=\"2408\" height=\"1336\" srcset=\"https:\/\/dka.ch\/wp-content\/uploads\/2023\/06\/H47-10.jpg 2408w, https:\/\/dka.ch\/wp-content\/uploads\/2023\/06\/H47-10-300x166.jpg 300w, https:\/\/dka.ch\/wp-content\/uploads\/2023\/06\/H47-10-768x426.jpg 768w, https:\/\/dka.ch\/wp-content\/uploads\/2023\/06\/H47-10-1024x568.jpg 1024w, https:\/\/dka.ch\/wp-content\/uploads\/2023\/06\/H47-10-1000x555.jpg 1000w\" sizes=\"auto, (max-width: 2408px) 100vw, 2408px\" \/> <img loading=\"lazy\" decoding=\"async\" class=\"aligncenter size-full wp-image-2029\" src=\"https:\/\/dka.ch\/wp-content\/uploads\/2023\/06\/H47-09.jpg\" alt=\"\" width=\"2400\" height=\"1332\" srcset=\"https:\/\/dka.ch\/wp-content\/uploads\/2023\/06\/H47-09.jpg 2400w, https:\/\/dka.ch\/wp-content\/uploads\/2023\/06\/H47-09-300x167.jpg 300w, https:\/\/dka.ch\/wp-content\/uploads\/2023\/06\/H47-09-768x426.jpg 768w, https:\/\/dka.ch\/wp-content\/uploads\/2023\/06\/H47-09-1024x568.jpg 1024w, https:\/\/dka.ch\/wp-content\/uploads\/2023\/06\/H47-09-1000x555.jpg 1000w\" sizes=\"auto, (max-width: 2400px) 100vw, 2400px\" \/> <img loading=\"lazy\" decoding=\"async\" class=\"aligncenter size-full wp-image-2028\" src=\"https:\/\/dka.ch\/wp-content\/uploads\/2023\/06\/H47-08.jpg\" alt=\"\" width=\"2400\" height=\"1332\" srcset=\"https:\/\/dka.ch\/wp-content\/uploads\/2023\/06\/H47-08.jpg 2400w, https:\/\/dka.ch\/wp-content\/uploads\/2023\/06\/H47-08-300x167.jpg 300w, https:\/\/dka.ch\/wp-content\/uploads\/2023\/06\/H47-08-768x426.jpg 768w, https:\/\/dka.ch\/wp-content\/uploads\/2023\/06\/H47-08-1024x568.jpg 1024w, https:\/\/dka.ch\/wp-content\/uploads\/2023\/06\/H47-08-1000x555.jpg 1000w\" sizes=\"auto, (max-width: 2400px) 100vw, 2400px\" \/> <img loading=\"lazy\" decoding=\"async\" class=\"aligncenter size-full wp-image-2027\" src=\"https:\/\/dka.ch\/wp-content\/uploads\/2023\/06\/H47-07.jpg\" alt=\"\" width=\"2400\" height=\"1332\" srcset=\"https:\/\/dka.ch\/wp-content\/uploads\/2023\/06\/H47-07.jpg 2400w, https:\/\/dka.ch\/wp-content\/uploads\/2023\/06\/H47-07-300x167.jpg 300w, https:\/\/dka.ch\/wp-content\/uploads\/2023\/06\/H47-07-768x426.jpg 768w, https:\/\/dka.ch\/wp-content\/uploads\/2023\/06\/H47-07-1024x568.jpg 1024w, https:\/\/dka.ch\/wp-content\/uploads\/2023\/06\/H47-07-1000x555.jpg 1000w\" sizes=\"auto, (max-width: 2400px) 100vw, 2400px\" \/> <img loading=\"lazy\" decoding=\"async\" class=\"aligncenter size-full wp-image-2026\" src=\"https:\/\/dka.ch\/wp-content\/uploads\/2023\/06\/H47-06.jpg\" alt=\"\" width=\"2400\" height=\"1697\" srcset=\"https:\/\/dka.ch\/wp-content\/uploads\/2023\/06\/H47-06.jpg 2400w, https:\/\/dka.ch\/wp-content\/uploads\/2023\/06\/H47-06-300x212.jpg 300w, https:\/\/dka.ch\/wp-content\/uploads\/2023\/06\/H47-06-768x543.jpg 768w, https:\/\/dka.ch\/wp-content\/uploads\/2023\/06\/H47-06-1024x724.jpg 1024w, https:\/\/dka.ch\/wp-content\/uploads\/2023\/06\/H47-06-1000x707.jpg 1000w\" sizes=\"auto, (max-width: 2400px) 100vw, 2400px\" \/> <img loading=\"lazy\" decoding=\"async\" class=\"aligncenter size-full wp-image-2025\" src=\"https:\/\/dka.ch\/wp-content\/uploads\/2023\/06\/H47-05.jpg\" alt=\"\" width=\"2400\" height=\"1697\" srcset=\"https:\/\/dka.ch\/wp-content\/uploads\/2023\/06\/H47-05.jpg 2400w, https:\/\/dka.ch\/wp-content\/uploads\/2023\/06\/H47-05-300x212.jpg 300w, https:\/\/dka.ch\/wp-content\/uploads\/2023\/06\/H47-05-768x543.jpg 768w, https:\/\/dka.ch\/wp-content\/uploads\/2023\/06\/H47-05-1024x724.jpg 1024w, https:\/\/dka.ch\/wp-content\/uploads\/2023\/06\/H47-05-1000x707.jpg 1000w\" sizes=\"auto, (max-width: 2400px) 100vw, 2400px\" \/> <img loading=\"lazy\" decoding=\"async\" class=\"aligncenter size-full wp-image-2024\" src=\"https:\/\/dka.ch\/wp-content\/uploads\/2023\/06\/H47-04.jpg\" alt=\"\" width=\"2400\" height=\"1697\" srcset=\"https:\/\/dka.ch\/wp-content\/uploads\/2023\/06\/H47-04.jpg 2400w, https:\/\/dka.ch\/wp-content\/uploads\/2023\/06\/H47-04-300x212.jpg 300w, https:\/\/dka.ch\/wp-content\/uploads\/2023\/06\/H47-04-768x543.jpg 768w, https:\/\/dka.ch\/wp-content\/uploads\/2023\/06\/H47-04-1024x724.jpg 1024w, https:\/\/dka.ch\/wp-content\/uploads\/2023\/06\/H47-04-1000x707.jpg 1000w\" sizes=\"auto, (max-width: 2400px) 100vw, 2400px\" \/> <img loading=\"lazy\" decoding=\"async\" class=\"aligncenter size-full wp-image-2023\" src=\"https:\/\/dka.ch\/wp-content\/uploads\/2023\/06\/H47-03.jpg\" alt=\"\" width=\"2400\" height=\"1663\" srcset=\"https:\/\/dka.ch\/wp-content\/uploads\/2023\/06\/H47-03.jpg 2400w, https:\/\/dka.ch\/wp-content\/uploads\/2023\/06\/H47-03-300x208.jpg 300w, https:\/\/dka.ch\/wp-content\/uploads\/2023\/06\/H47-03-768x532.jpg 768w, https:\/\/dka.ch\/wp-content\/uploads\/2023\/06\/H47-03-1024x710.jpg 1024w, https:\/\/dka.ch\/wp-content\/uploads\/2023\/06\/H47-03-1000x693.jpg 1000w\" sizes=\"auto, (max-width: 2400px) 100vw, 2400px\" \/> <img loading=\"lazy\" decoding=\"async\" class=\"aligncenter size-full wp-image-2022\" src=\"https:\/\/dka.ch\/wp-content\/uploads\/2023\/06\/H47-02.jpg\" alt=\"\" width=\"2400\" height=\"1666\" srcset=\"https:\/\/dka.ch\/wp-content\/uploads\/2023\/06\/H47-02.jpg 2400w, https:\/\/dka.ch\/wp-content\/uploads\/2023\/06\/H47-02-300x208.jpg 300w, https:\/\/dka.ch\/wp-content\/uploads\/2023\/06\/H47-02-768x533.jpg 768w, https:\/\/dka.ch\/wp-content\/uploads\/2023\/06\/H47-02-1024x711.jpg 1024w, https:\/\/dka.ch\/wp-content\/uploads\/2023\/06\/H47-02-1000x694.jpg 1000w\" sizes=\"auto, (max-width: 2400px) 100vw, 2400px\" \/> <img loading=\"lazy\" decoding=\"async\" class=\"aligncenter size-full wp-image-2021\" src=\"https:\/\/dka.ch\/wp-content\/uploads\/2023\/06\/H47-01.jpg\" alt=\"\" width=\"2400\" height=\"1663\" srcset=\"https:\/\/dka.ch\/wp-content\/uploads\/2023\/06\/H47-01.jpg 2400w, https:\/\/dka.ch\/wp-content\/uploads\/2023\/06\/H47-01-300x208.jpg 300w, https:\/\/dka.ch\/wp-content\/uploads\/2023\/06\/H47-01-768x532.jpg 768w, https:\/\/dka.ch\/wp-content\/uploads\/2023\/06\/H47-01-1024x710.jpg 1024w, https:\/\/dka.ch\/wp-content\/uploads\/2023\/06\/H47-01-1000x693.jpg 1000w\" sizes=\"auto, (max-width: 2400px) 100vw, 2400px\" \/><\/p>\n<p><img loading=\"lazy\" decoding=\"async\" class=\"aligncenter size-full wp-image-2045\" src=\"https:\/\/dka.ch\/wp-content\/uploads\/2023\/06\/H47-14.2.jpg\" alt=\"\" width=\"2400\" height=\"1340\" srcset=\"https:\/\/dka.ch\/wp-content\/uploads\/2023\/06\/H47-14.2.jpg 2400w, https:\/\/dka.ch\/wp-content\/uploads\/2023\/06\/H47-14.2-300x168.jpg 300w, https:\/\/dka.ch\/wp-content\/uploads\/2023\/06\/H47-14.2-768x429.jpg 768w, https:\/\/dka.ch\/wp-content\/uploads\/2023\/06\/H47-14.2-1024x572.jpg 1024w, https:\/\/dka.ch\/wp-content\/uploads\/2023\/06\/H47-14.2-1000x558.jpg 1000w\" sizes=\"auto, (max-width: 2400px) 100vw, 2400px\" \/> <img loading=\"lazy\" decoding=\"async\" class=\"aligncenter size-full wp-image-2044\" src=\"https:\/\/dka.ch\/wp-content\/uploads\/2023\/06\/H47-13.2.jpg\" alt=\"\" width=\"2400\" height=\"1326\" srcset=\"https:\/\/dka.ch\/wp-content\/uploads\/2023\/06\/H47-13.2.jpg 2400w, https:\/\/dka.ch\/wp-content\/uploads\/2023\/06\/H47-13.2-300x166.jpg 300w, https:\/\/dka.ch\/wp-content\/uploads\/2023\/06\/H47-13.2-768x424.jpg 768w, https:\/\/dka.ch\/wp-content\/uploads\/2023\/06\/H47-13.2-1024x566.jpg 1024w, https:\/\/dka.ch\/wp-content\/uploads\/2023\/06\/H47-13.2-1000x553.jpg 1000w\" sizes=\"auto, (max-width: 2400px) 100vw, 2400px\" \/> <img loading=\"lazy\" decoding=\"async\" class=\"aligncenter size-full wp-image-2043\" src=\"https:\/\/dka.ch\/wp-content\/uploads\/2023\/06\/H47-12.2.jpg\" alt=\"\" width=\"2400\" height=\"1348\" srcset=\"https:\/\/dka.ch\/wp-content\/uploads\/2023\/06\/H47-12.2.jpg 2400w, https:\/\/dka.ch\/wp-content\/uploads\/2023\/06\/H47-12.2-300x169.jpg 300w, https:\/\/dka.ch\/wp-content\/uploads\/2023\/06\/H47-12.2-768x431.jpg 768w, https:\/\/dka.ch\/wp-content\/uploads\/2023\/06\/H47-12.2-1024x575.jpg 1024w, https:\/\/dka.ch\/wp-content\/uploads\/2023\/06\/H47-12.2-1000x562.jpg 1000w\" sizes=\"auto, (max-width: 2400px) 100vw, 2400px\" \/> <img loading=\"lazy\" decoding=\"async\" class=\"aligncenter size-full wp-image-2042\" src=\"https:\/\/dka.ch\/wp-content\/uploads\/2023\/06\/H47-11.2.jpg\" alt=\"\" width=\"2400\" height=\"1333\" srcset=\"https:\/\/dka.ch\/wp-content\/uploads\/2023\/06\/H47-11.2.jpg 2400w, https:\/\/dka.ch\/wp-content\/uploads\/2023\/06\/H47-11.2-300x167.jpg 300w, https:\/\/dka.ch\/wp-content\/uploads\/2023\/06\/H47-11.2-768x427.jpg 768w, https:\/\/dka.ch\/wp-content\/uploads\/2023\/06\/H47-11.2-1024x569.jpg 1024w, https:\/\/dka.ch\/wp-content\/uploads\/2023\/06\/H47-11.2-1000x555.jpg 1000w\" sizes=\"auto, (max-width: 2400px) 100vw, 2400px\" \/><\/p>\n<p>DKA GmbH \u2022 Pfeffingerstrasse 12 \u2022 4147 Aesch\\BL \u2022 079 724 46 38 \u2022 cadplaner@icloud.com<\/p>\n","protected":false},"excerpt":{"rendered":"<p>Sie haben keine verl\u00e4sslichen Plangrundlagen Ihrer Bestandsliegenschaft? Wir lassen Ihre Liegenschaft mit 3D-Laserscanner vermessen und erstellen\u00a0auf dieser Basis genaue Plangrundlagen f\u00fcr Finanzierung, Verkauf, Projektplanung, f\u00fcr Baugesuch und f\u00fcr die Ausf\u00fchrungsplanung. DKA GmbH \u2022 Pfeffingerstrasse 12&hellip; <a class=\"excerpt-more-link\" href=\"https:\/\/dka.ch\/index.php\/praesentation\/\">Read More<\/a><\/p>\n","protected":false},"author":1,"featured_media":0,"parent":0,"menu_order":0,"comment_status":"closed","ping_status":"closed","template":"page-templates\/full-width.php","meta":{"footnotes":""},"class_list":["post-791","page","type-page","status-publish","hentry"],"_links":{"self":[{"href":"https:\/\/dka.ch\/index.php\/wp-json\/wp\/v2\/pages\/791","targetHints":{"allow":["GET"]}}],"collection":[{"href":"https:\/\/dka.ch\/index.php\/wp-json\/wp\/v2\/pages"}],"about":[{"href":"https:\/\/dka.ch\/index.php\/wp-json\/wp\/v2\/types\/page"}],"author":[{"embeddable":true,"href":"https:\/\/dka.ch\/index.php\/wp-json\/wp\/v2\/users\/1"}],"replies":[{"embeddable":true,"href":"https:\/\/dka.ch\/index.php\/wp-json\/wp\/v2\/comments?post=791"}],"version-history":[{"count":64,"href":"https:\/\/dka.ch\/index.php\/wp-json\/wp\/v2\/pages\/791\/revisions"}],"predecessor-version":[{"id":2069,"href":"https:\/\/dka.ch\/index.php\/wp-json\/wp\/v2\/pages\/791\/revisions\/2069"}],"wp:attachment":[{"href":"https:\/\/dka.ch\/index.php\/wp-json\/wp\/v2\/media?parent=791"}],"curies":[{"name":"wp","href":"https:\/\/api.w.org\/{rel}","templated":true}]}}