{"id":2111,"date":"2024-04-17T09:58:30","date_gmt":"2024-04-17T07:58:30","guid":{"rendered":"https:\/\/dka.ch\/?page_id=2111"},"modified":"2024-04-17T10:23:44","modified_gmt":"2024-04-17T08:23:44","slug":"stockwerkeigentum-begrundung","status":"publish","type":"page","link":"https:\/\/dka.ch\/index.php\/stockwerkeigentum-begrundung\/","title":{"rendered":"Stockwerkeigentum-Begr\u00fcndung"},"content":{"rendered":"<p>Pl\u00e4ne f\u00fcr die Begr\u00fcndung von Stockwerkeigentum:<\/p>\n<p><img loading=\"lazy\" decoding=\"async\" class=\"aligncenter size-full wp-image-2112\" src=\"https:\/\/dka.ch\/wp-content\/uploads\/2024\/04\/Stockwerkeigentum-01.jpg\" alt=\"\" width=\"1800\" height=\"1269\" srcset=\"https:\/\/dka.ch\/wp-content\/uploads\/2024\/04\/Stockwerkeigentum-01.jpg 1800w, https:\/\/dka.ch\/wp-content\/uploads\/2024\/04\/Stockwerkeigentum-01-300x212.jpg 300w, https:\/\/dka.ch\/wp-content\/uploads\/2024\/04\/Stockwerkeigentum-01-768x541.jpg 768w, https:\/\/dka.ch\/wp-content\/uploads\/2024\/04\/Stockwerkeigentum-01-1024x722.jpg 1024w, https:\/\/dka.ch\/wp-content\/uploads\/2024\/04\/Stockwerkeigentum-01-1000x705.jpg 1000w\" sizes=\"auto, (max-width: 1800px) 100vw, 1800px\" \/> <img loading=\"lazy\" decoding=\"async\" class=\"aligncenter size-full wp-image-2113\" src=\"https:\/\/dka.ch\/wp-content\/uploads\/2024\/04\/Stockwerkeigentum-02.jpg\" alt=\"\" width=\"1800\" height=\"1926\" srcset=\"https:\/\/dka.ch\/wp-content\/uploads\/2024\/04\/Stockwerkeigentum-02.jpg 1800w, https:\/\/dka.ch\/wp-content\/uploads\/2024\/04\/Stockwerkeigentum-02-280x300.jpg 280w, https:\/\/dka.ch\/wp-content\/uploads\/2024\/04\/Stockwerkeigentum-02-768x822.jpg 768w, https:\/\/dka.ch\/wp-content\/uploads\/2024\/04\/Stockwerkeigentum-02-957x1024.jpg 957w, https:\/\/dka.ch\/wp-content\/uploads\/2024\/04\/Stockwerkeigentum-02-1000x1070.jpg 1000w\" sizes=\"auto, (max-width: 1800px) 100vw, 1800px\" \/> <img loading=\"lazy\" decoding=\"async\" class=\"aligncenter size-full wp-image-2114\" src=\"https:\/\/dka.ch\/wp-content\/uploads\/2024\/04\/Stockwerkeigentum-03.jpg\" alt=\"\" width=\"1800\" height=\"1888\" srcset=\"https:\/\/dka.ch\/wp-content\/uploads\/2024\/04\/Stockwerkeigentum-03.jpg 1800w, https:\/\/dka.ch\/wp-content\/uploads\/2024\/04\/Stockwerkeigentum-03-286x300.jpg 286w, https:\/\/dka.ch\/wp-content\/uploads\/2024\/04\/Stockwerkeigentum-03-768x806.jpg 768w, https:\/\/dka.ch\/wp-content\/uploads\/2024\/04\/Stockwerkeigentum-03-976x1024.jpg 976w, https:\/\/dka.ch\/wp-content\/uploads\/2024\/04\/Stockwerkeigentum-03-1000x1049.jpg 1000w\" sizes=\"auto, (max-width: 1800px) 100vw, 1800px\" \/> <img loading=\"lazy\" decoding=\"async\" class=\"aligncenter size-full wp-image-2115\" src=\"https:\/\/dka.ch\/wp-content\/uploads\/2024\/04\/Stockwerkeigentum-04.jpg\" alt=\"\" width=\"1800\" height=\"1398\" srcset=\"https:\/\/dka.ch\/wp-content\/uploads\/2024\/04\/Stockwerkeigentum-04.jpg 1800w, https:\/\/dka.ch\/wp-content\/uploads\/2024\/04\/Stockwerkeigentum-04-300x233.jpg 300w, https:\/\/dka.ch\/wp-content\/uploads\/2024\/04\/Stockwerkeigentum-04-768x596.jpg 768w, https:\/\/dka.ch\/wp-content\/uploads\/2024\/04\/Stockwerkeigentum-04-1024x795.jpg 1024w, https:\/\/dka.ch\/wp-content\/uploads\/2024\/04\/Stockwerkeigentum-04-1000x777.jpg 1000w\" sizes=\"auto, (max-width: 1800px) 100vw, 1800px\" \/> <img loading=\"lazy\" decoding=\"async\" class=\"aligncenter size-full wp-image-2116\" src=\"https:\/\/dka.ch\/wp-content\/uploads\/2024\/04\/Stockwerkeigentum-05.jpg\" alt=\"\" width=\"1800\" height=\"1398\" srcset=\"https:\/\/dka.ch\/wp-content\/uploads\/2024\/04\/Stockwerkeigentum-05.jpg 1800w, https:\/\/dka.ch\/wp-content\/uploads\/2024\/04\/Stockwerkeigentum-05-300x233.jpg 300w, https:\/\/dka.ch\/wp-content\/uploads\/2024\/04\/Stockwerkeigentum-05-768x596.jpg 768w, https:\/\/dka.ch\/wp-content\/uploads\/2024\/04\/Stockwerkeigentum-05-1024x795.jpg 1024w, https:\/\/dka.ch\/wp-content\/uploads\/2024\/04\/Stockwerkeigentum-05-1000x777.jpg 1000w\" sizes=\"auto, (max-width: 1800px) 100vw, 1800px\" \/><\/p>\n<p><img loading=\"lazy\" decoding=\"async\" class=\"aligncenter size-full wp-image-2120\" src=\"https:\/\/dka.ch\/wp-content\/uploads\/2024\/04\/Stockwerkeigentum-06.jpg\" alt=\"\" width=\"1800\" height=\"722\" srcset=\"https:\/\/dka.ch\/wp-content\/uploads\/2024\/04\/Stockwerkeigentum-06.jpg 1800w, https:\/\/dka.ch\/wp-content\/uploads\/2024\/04\/Stockwerkeigentum-06-300x120.jpg 300w, https:\/\/dka.ch\/wp-content\/uploads\/2024\/04\/Stockwerkeigentum-06-768x308.jpg 768w, https:\/\/dka.ch\/wp-content\/uploads\/2024\/04\/Stockwerkeigentum-06-1024x411.jpg 1024w, https:\/\/dka.ch\/wp-content\/uploads\/2024\/04\/Stockwerkeigentum-06-1000x401.jpg 1000w\" sizes=\"auto, (max-width: 1800px) 100vw, 1800px\" \/> <img loading=\"lazy\" decoding=\"async\" class=\"aligncenter size-full wp-image-2121\" src=\"https:\/\/dka.ch\/wp-content\/uploads\/2024\/04\/Stockwerkeigentum-07.jpg\" alt=\"\" width=\"1800\" height=\"686\" srcset=\"https:\/\/dka.ch\/wp-content\/uploads\/2024\/04\/Stockwerkeigentum-07.jpg 1800w, https:\/\/dka.ch\/wp-content\/uploads\/2024\/04\/Stockwerkeigentum-07-300x114.jpg 300w, https:\/\/dka.ch\/wp-content\/uploads\/2024\/04\/Stockwerkeigentum-07-768x293.jpg 768w, https:\/\/dka.ch\/wp-content\/uploads\/2024\/04\/Stockwerkeigentum-07-1024x390.jpg 1024w, https:\/\/dka.ch\/wp-content\/uploads\/2024\/04\/Stockwerkeigentum-07-1000x381.jpg 1000w\" sizes=\"auto, (max-width: 1800px) 100vw, 1800px\" \/><\/p>\n<p>&nbsp;<\/p>\n","protected":false},"excerpt":{"rendered":"<p>Pl\u00e4ne f\u00fcr die Begr\u00fcndung von Stockwerkeigentum: &nbsp;<\/p>\n","protected":false},"author":1,"featured_media":0,"parent":0,"menu_order":0,"comment_status":"closed","ping_status":"closed","template":"","meta":{"footnotes":""},"class_list":["post-2111","page","type-page","status-publish","hentry"],"_links":{"self":[{"href":"https:\/\/dka.ch\/index.php\/wp-json\/wp\/v2\/pages\/2111","targetHints":{"allow":["GET"]}}],"collection":[{"href":"https:\/\/dka.ch\/index.php\/wp-json\/wp\/v2\/pages"}],"about":[{"href":"https:\/\/dka.ch\/index.php\/wp-json\/wp\/v2\/types\/page"}],"author":[{"embeddable":true,"href":"https:\/\/dka.ch\/index.php\/wp-json\/wp\/v2\/users\/1"}],"replies":[{"embeddable":true,"href":"https:\/\/dka.ch\/index.php\/wp-json\/wp\/v2\/comments?post=2111"}],"version-history":[{"count":4,"href":"https:\/\/dka.ch\/index.php\/wp-json\/wp\/v2\/pages\/2111\/revisions"}],"predecessor-version":[{"id":2123,"href":"https:\/\/dka.ch\/index.php\/wp-json\/wp\/v2\/pages\/2111\/revisions\/2123"}],"wp:attachment":[{"href":"https:\/\/dka.ch\/index.php\/wp-json\/wp\/v2\/media?parent=2111"}],"curies":[{"name":"wp","href":"https:\/\/api.w.org\/{rel}","templated":true}]}}