{"id":1892,"date":"2020-09-19T13:23:03","date_gmt":"2020-09-19T11:23:03","guid":{"rendered":"https:\/\/dka.ch\/?page_id=1892"},"modified":"2024-12-08T19:31:53","modified_gmt":"2024-12-08T18:31:53","slug":"elsaesser-refugium","status":"publish","type":"page","link":"https:\/\/dka.ch\/index.php\/elsaesser-refugium\/","title":{"rendered":"Els\u00e4sser Refugium"},"content":{"rendered":"<header class=\"entry-header\">\n<h1 class=\"entry-title\"><strong style=\"font-size: 1.5rem;\">Die Datscha am Kirschwater Creek:<\/strong><\/h1>\n<\/header>\n<div class=\"entry-content cf\">\n<div class=\"entry-content cf\">\n<hr \/>\n<p>Die Geschichte am Kirschwater Creek beginnt 1995 mit dem Bezug dieses Els\u00e4sser Refugium&#8217;s.<br \/>\nDie Architektur hier dient dazu den Menschen Raum zu bietet f\u00fcr ihre Entfaltung, ihre Kreativit\u00e4t und ihre\u00a0Lebensfreude, ungezwungen, frei, erdverbunden und naturbezogen.<\/p>\n<\/div>\n<\/div>\n<p><img loading=\"lazy\" decoding=\"async\" class=\"alignnone wp-image-1894 size-full\" src=\"https:\/\/dka.ch\/wp-content\/uploads\/2020\/09\/Els\u00e4sser-Refugim-01.jpg\" alt=\"\" width=\"1800\" height=\"1200\" srcset=\"https:\/\/dka.ch\/wp-content\/uploads\/2020\/09\/Els\u00e4sser-Refugim-01.jpg 1800w, https:\/\/dka.ch\/wp-content\/uploads\/2020\/09\/Els\u00e4sser-Refugim-01-300x200.jpg 300w, https:\/\/dka.ch\/wp-content\/uploads\/2020\/09\/Els\u00e4sser-Refugim-01-768x512.jpg 768w, https:\/\/dka.ch\/wp-content\/uploads\/2020\/09\/Els\u00e4sser-Refugim-01-1024x683.jpg 1024w, https:\/\/dka.ch\/wp-content\/uploads\/2020\/09\/Els\u00e4sser-Refugim-01-1000x667.jpg 1000w, https:\/\/dka.ch\/wp-content\/uploads\/2020\/09\/Els\u00e4sser-Refugim-01-660x440.jpg 660w, https:\/\/dka.ch\/wp-content\/uploads\/2020\/09\/Els\u00e4sser-Refugim-01-373x248.jpg 373w\" sizes=\"auto, (max-width: 1800px) 100vw, 1800px\" \/><\/p>\n<p><img loading=\"lazy\" decoding=\"async\" class=\"size-full wp-image-1895\" src=\"https:\/\/dka.ch\/wp-content\/uploads\/2020\/09\/Els\u00e4sser-Refugim-02.jpg\" alt=\"\" width=\"1800\" height=\"1200\" srcset=\"https:\/\/dka.ch\/wp-content\/uploads\/2020\/09\/Els\u00e4sser-Refugim-02.jpg 1800w, https:\/\/dka.ch\/wp-content\/uploads\/2020\/09\/Els\u00e4sser-Refugim-02-300x200.jpg 300w, https:\/\/dka.ch\/wp-content\/uploads\/2020\/09\/Els\u00e4sser-Refugim-02-768x512.jpg 768w, https:\/\/dka.ch\/wp-content\/uploads\/2020\/09\/Els\u00e4sser-Refugim-02-1024x683.jpg 1024w, https:\/\/dka.ch\/wp-content\/uploads\/2020\/09\/Els\u00e4sser-Refugim-02-1000x667.jpg 1000w, https:\/\/dka.ch\/wp-content\/uploads\/2020\/09\/Els\u00e4sser-Refugim-02-660x440.jpg 660w, https:\/\/dka.ch\/wp-content\/uploads\/2020\/09\/Els\u00e4sser-Refugim-02-373x248.jpg 373w\" sizes=\"auto, (max-width: 1800px) 100vw, 1800px\" \/><\/p>\n<p><img loading=\"lazy\" decoding=\"async\" class=\"size-full wp-image-1896\" src=\"https:\/\/dka.ch\/wp-content\/uploads\/2020\/09\/Els\u00e4sser-Refugim-03.jpg\" alt=\"\" width=\"1800\" height=\"1200\" srcset=\"https:\/\/dka.ch\/wp-content\/uploads\/2020\/09\/Els\u00e4sser-Refugim-03.jpg 1800w, https:\/\/dka.ch\/wp-content\/uploads\/2020\/09\/Els\u00e4sser-Refugim-03-300x200.jpg 300w, https:\/\/dka.ch\/wp-content\/uploads\/2020\/09\/Els\u00e4sser-Refugim-03-768x512.jpg 768w, https:\/\/dka.ch\/wp-content\/uploads\/2020\/09\/Els\u00e4sser-Refugim-03-1024x683.jpg 1024w, https:\/\/dka.ch\/wp-content\/uploads\/2020\/09\/Els\u00e4sser-Refugim-03-1000x667.jpg 1000w, https:\/\/dka.ch\/wp-content\/uploads\/2020\/09\/Els\u00e4sser-Refugim-03-660x440.jpg 660w, https:\/\/dka.ch\/wp-content\/uploads\/2020\/09\/Els\u00e4sser-Refugim-03-373x248.jpg 373w\" sizes=\"auto, (max-width: 1800px) 100vw, 1800px\" \/><\/p>\n<p><img loading=\"lazy\" decoding=\"async\" class=\"size-full wp-image-1897\" src=\"https:\/\/dka.ch\/wp-content\/uploads\/2020\/09\/Els\u00e4sser-Refugim-04.jpg\" alt=\"\" width=\"1800\" height=\"1200\" srcset=\"https:\/\/dka.ch\/wp-content\/uploads\/2020\/09\/Els\u00e4sser-Refugim-04.jpg 1800w, https:\/\/dka.ch\/wp-content\/uploads\/2020\/09\/Els\u00e4sser-Refugim-04-300x200.jpg 300w, https:\/\/dka.ch\/wp-content\/uploads\/2020\/09\/Els\u00e4sser-Refugim-04-768x512.jpg 768w, https:\/\/dka.ch\/wp-content\/uploads\/2020\/09\/Els\u00e4sser-Refugim-04-1024x683.jpg 1024w, https:\/\/dka.ch\/wp-content\/uploads\/2020\/09\/Els\u00e4sser-Refugim-04-1000x667.jpg 1000w, https:\/\/dka.ch\/wp-content\/uploads\/2020\/09\/Els\u00e4sser-Refugim-04-660x440.jpg 660w, https:\/\/dka.ch\/wp-content\/uploads\/2020\/09\/Els\u00e4sser-Refugim-04-373x248.jpg 373w\" sizes=\"auto, (max-width: 1800px) 100vw, 1800px\" \/><\/p>\n<p><img loading=\"lazy\" decoding=\"async\" class=\"size-full wp-image-1898\" src=\"https:\/\/dka.ch\/wp-content\/uploads\/2020\/09\/Els\u00e4sser-Refugim-05.jpg\" alt=\"\" width=\"1800\" height=\"1200\" srcset=\"https:\/\/dka.ch\/wp-content\/uploads\/2020\/09\/Els\u00e4sser-Refugim-05.jpg 1800w, https:\/\/dka.ch\/wp-content\/uploads\/2020\/09\/Els\u00e4sser-Refugim-05-300x200.jpg 300w, https:\/\/dka.ch\/wp-content\/uploads\/2020\/09\/Els\u00e4sser-Refugim-05-768x512.jpg 768w, https:\/\/dka.ch\/wp-content\/uploads\/2020\/09\/Els\u00e4sser-Refugim-05-1024x683.jpg 1024w, https:\/\/dka.ch\/wp-content\/uploads\/2020\/09\/Els\u00e4sser-Refugim-05-1000x667.jpg 1000w, https:\/\/dka.ch\/wp-content\/uploads\/2020\/09\/Els\u00e4sser-Refugim-05-660x440.jpg 660w, https:\/\/dka.ch\/wp-content\/uploads\/2020\/09\/Els\u00e4sser-Refugim-05-373x248.jpg 373w\" sizes=\"auto, (max-width: 1800px) 100vw, 1800px\" \/><\/p>\n<p><img loading=\"lazy\" decoding=\"async\" class=\"size-full wp-image-1899\" src=\"https:\/\/dka.ch\/wp-content\/uploads\/2020\/09\/Els\u00e4sser-Refugim-06.jpg\" alt=\"\" width=\"1800\" height=\"1200\" srcset=\"https:\/\/dka.ch\/wp-content\/uploads\/2020\/09\/Els\u00e4sser-Refugim-06.jpg 1800w, https:\/\/dka.ch\/wp-content\/uploads\/2020\/09\/Els\u00e4sser-Refugim-06-300x200.jpg 300w, https:\/\/dka.ch\/wp-content\/uploads\/2020\/09\/Els\u00e4sser-Refugim-06-768x512.jpg 768w, https:\/\/dka.ch\/wp-content\/uploads\/2020\/09\/Els\u00e4sser-Refugim-06-1024x683.jpg 1024w, https:\/\/dka.ch\/wp-content\/uploads\/2020\/09\/Els\u00e4sser-Refugim-06-1000x667.jpg 1000w, https:\/\/dka.ch\/wp-content\/uploads\/2020\/09\/Els\u00e4sser-Refugim-06-660x440.jpg 660w, https:\/\/dka.ch\/wp-content\/uploads\/2020\/09\/Els\u00e4sser-Refugim-06-373x248.jpg 373w\" sizes=\"auto, (max-width: 1800px) 100vw, 1800px\" \/><\/p>\n<p><img loading=\"lazy\" decoding=\"async\" class=\"size-full wp-image-1900\" src=\"https:\/\/dka.ch\/wp-content\/uploads\/2020\/09\/Els\u00e4sser-Refugim-07.jpg\" alt=\"\" width=\"1800\" height=\"1200\" srcset=\"https:\/\/dka.ch\/wp-content\/uploads\/2020\/09\/Els\u00e4sser-Refugim-07.jpg 1800w, https:\/\/dka.ch\/wp-content\/uploads\/2020\/09\/Els\u00e4sser-Refugim-07-300x200.jpg 300w, https:\/\/dka.ch\/wp-content\/uploads\/2020\/09\/Els\u00e4sser-Refugim-07-768x512.jpg 768w, https:\/\/dka.ch\/wp-content\/uploads\/2020\/09\/Els\u00e4sser-Refugim-07-1024x683.jpg 1024w, https:\/\/dka.ch\/wp-content\/uploads\/2020\/09\/Els\u00e4sser-Refugim-07-1000x667.jpg 1000w, https:\/\/dka.ch\/wp-content\/uploads\/2020\/09\/Els\u00e4sser-Refugim-07-660x440.jpg 660w, https:\/\/dka.ch\/wp-content\/uploads\/2020\/09\/Els\u00e4sser-Refugim-07-373x248.jpg 373w\" sizes=\"auto, (max-width: 1800px) 100vw, 1800px\" \/><\/p>\n<p><img loading=\"lazy\" decoding=\"async\" class=\"size-full wp-image-1901\" src=\"https:\/\/dka.ch\/wp-content\/uploads\/2020\/09\/Els\u00e4sser-Refugim-08.jpg\" alt=\"\" width=\"1800\" height=\"1200\" srcset=\"https:\/\/dka.ch\/wp-content\/uploads\/2020\/09\/Els\u00e4sser-Refugim-08.jpg 1800w, https:\/\/dka.ch\/wp-content\/uploads\/2020\/09\/Els\u00e4sser-Refugim-08-300x200.jpg 300w, https:\/\/dka.ch\/wp-content\/uploads\/2020\/09\/Els\u00e4sser-Refugim-08-768x512.jpg 768w, https:\/\/dka.ch\/wp-content\/uploads\/2020\/09\/Els\u00e4sser-Refugim-08-1024x683.jpg 1024w, https:\/\/dka.ch\/wp-content\/uploads\/2020\/09\/Els\u00e4sser-Refugim-08-1000x667.jpg 1000w, https:\/\/dka.ch\/wp-content\/uploads\/2020\/09\/Els\u00e4sser-Refugim-08-660x440.jpg 660w, https:\/\/dka.ch\/wp-content\/uploads\/2020\/09\/Els\u00e4sser-Refugim-08-373x248.jpg 373w\" sizes=\"auto, (max-width: 1800px) 100vw, 1800px\" \/><\/p>\n<p><img loading=\"lazy\" decoding=\"async\" class=\"size-full wp-image-1902\" src=\"https:\/\/dka.ch\/wp-content\/uploads\/2020\/09\/Els\u00e4sser-Refugim-09.jpg\" alt=\"\" width=\"1800\" height=\"1200\" srcset=\"https:\/\/dka.ch\/wp-content\/uploads\/2020\/09\/Els\u00e4sser-Refugim-09.jpg 1800w, https:\/\/dka.ch\/wp-content\/uploads\/2020\/09\/Els\u00e4sser-Refugim-09-300x200.jpg 300w, https:\/\/dka.ch\/wp-content\/uploads\/2020\/09\/Els\u00e4sser-Refugim-09-768x512.jpg 768w, https:\/\/dka.ch\/wp-content\/uploads\/2020\/09\/Els\u00e4sser-Refugim-09-1024x683.jpg 1024w, https:\/\/dka.ch\/wp-content\/uploads\/2020\/09\/Els\u00e4sser-Refugim-09-1000x667.jpg 1000w, https:\/\/dka.ch\/wp-content\/uploads\/2020\/09\/Els\u00e4sser-Refugim-09-660x440.jpg 660w, https:\/\/dka.ch\/wp-content\/uploads\/2020\/09\/Els\u00e4sser-Refugim-09-373x248.jpg 373w\" sizes=\"auto, (max-width: 1800px) 100vw, 1800px\" \/><\/p>\n<p><img loading=\"lazy\" decoding=\"async\" class=\"size-full wp-image-1903\" src=\"https:\/\/dka.ch\/wp-content\/uploads\/2020\/09\/Els\u00e4sser-Refugim-10.jpg\" alt=\"\" width=\"1800\" height=\"1200\" srcset=\"https:\/\/dka.ch\/wp-content\/uploads\/2020\/09\/Els\u00e4sser-Refugim-10.jpg 1800w, https:\/\/dka.ch\/wp-content\/uploads\/2020\/09\/Els\u00e4sser-Refugim-10-300x200.jpg 300w, https:\/\/dka.ch\/wp-content\/uploads\/2020\/09\/Els\u00e4sser-Refugim-10-768x512.jpg 768w, https:\/\/dka.ch\/wp-content\/uploads\/2020\/09\/Els\u00e4sser-Refugim-10-1024x683.jpg 1024w, https:\/\/dka.ch\/wp-content\/uploads\/2020\/09\/Els\u00e4sser-Refugim-10-1000x667.jpg 1000w, https:\/\/dka.ch\/wp-content\/uploads\/2020\/09\/Els\u00e4sser-Refugim-10-660x440.jpg 660w, https:\/\/dka.ch\/wp-content\/uploads\/2020\/09\/Els\u00e4sser-Refugim-10-373x248.jpg 373w\" sizes=\"auto, (max-width: 1800px) 100vw, 1800px\" \/><\/p>\n<p><img loading=\"lazy\" decoding=\"async\" class=\"size-full wp-image-1904\" src=\"https:\/\/dka.ch\/wp-content\/uploads\/2020\/09\/Els\u00e4sser-Refugim-11.jpg\" alt=\"\" width=\"1200\" height=\"1800\" srcset=\"https:\/\/dka.ch\/wp-content\/uploads\/2020\/09\/Els\u00e4sser-Refugim-11.jpg 1200w, https:\/\/dka.ch\/wp-content\/uploads\/2020\/09\/Els\u00e4sser-Refugim-11-200x300.jpg 200w, https:\/\/dka.ch\/wp-content\/uploads\/2020\/09\/Els\u00e4sser-Refugim-11-768x1152.jpg 768w, https:\/\/dka.ch\/wp-content\/uploads\/2020\/09\/Els\u00e4sser-Refugim-11-683x1024.jpg 683w, https:\/\/dka.ch\/wp-content\/uploads\/2020\/09\/Els\u00e4sser-Refugim-11-1000x1500.jpg 1000w\" sizes=\"auto, (max-width: 1200px) 100vw, 1200px\" \/><\/p>\n<p><img loading=\"lazy\" decoding=\"async\" class=\"size-full wp-image-1905\" src=\"https:\/\/dka.ch\/wp-content\/uploads\/2020\/09\/Els\u00e4sser-Refugim-12.jpg\" alt=\"\" width=\"1800\" height=\"1200\" srcset=\"https:\/\/dka.ch\/wp-content\/uploads\/2020\/09\/Els\u00e4sser-Refugim-12.jpg 1800w, https:\/\/dka.ch\/wp-content\/uploads\/2020\/09\/Els\u00e4sser-Refugim-12-300x200.jpg 300w, https:\/\/dka.ch\/wp-content\/uploads\/2020\/09\/Els\u00e4sser-Refugim-12-768x512.jpg 768w, https:\/\/dka.ch\/wp-content\/uploads\/2020\/09\/Els\u00e4sser-Refugim-12-1024x683.jpg 1024w, https:\/\/dka.ch\/wp-content\/uploads\/2020\/09\/Els\u00e4sser-Refugim-12-1000x667.jpg 1000w, https:\/\/dka.ch\/wp-content\/uploads\/2020\/09\/Els\u00e4sser-Refugim-12-660x440.jpg 660w, https:\/\/dka.ch\/wp-content\/uploads\/2020\/09\/Els\u00e4sser-Refugim-12-373x248.jpg 373w\" sizes=\"auto, (max-width: 1800px) 100vw, 1800px\" \/><\/p>\n<p><img loading=\"lazy\" decoding=\"async\" class=\"size-full wp-image-1906\" src=\"https:\/\/dka.ch\/wp-content\/uploads\/2020\/09\/Els\u00e4sser-Refugim-13.jpg\" alt=\"\" width=\"1800\" height=\"1200\" srcset=\"https:\/\/dka.ch\/wp-content\/uploads\/2020\/09\/Els\u00e4sser-Refugim-13.jpg 1800w, https:\/\/dka.ch\/wp-content\/uploads\/2020\/09\/Els\u00e4sser-Refugim-13-300x200.jpg 300w, https:\/\/dka.ch\/wp-content\/uploads\/2020\/09\/Els\u00e4sser-Refugim-13-768x512.jpg 768w, https:\/\/dka.ch\/wp-content\/uploads\/2020\/09\/Els\u00e4sser-Refugim-13-1024x683.jpg 1024w, https:\/\/dka.ch\/wp-content\/uploads\/2020\/09\/Els\u00e4sser-Refugim-13-1000x667.jpg 1000w, https:\/\/dka.ch\/wp-content\/uploads\/2020\/09\/Els\u00e4sser-Refugim-13-660x440.jpg 660w, https:\/\/dka.ch\/wp-content\/uploads\/2020\/09\/Els\u00e4sser-Refugim-13-373x248.jpg 373w\" sizes=\"auto, (max-width: 1800px) 100vw, 1800px\" \/><\/p>\n<p><img loading=\"lazy\" decoding=\"async\" class=\"size-full wp-image-1907\" src=\"https:\/\/dka.ch\/wp-content\/uploads\/2020\/09\/Els\u00e4sser-Refugim-14.jpg\" alt=\"\" width=\"1800\" height=\"1200\" srcset=\"https:\/\/dka.ch\/wp-content\/uploads\/2020\/09\/Els\u00e4sser-Refugim-14.jpg 1800w, https:\/\/dka.ch\/wp-content\/uploads\/2020\/09\/Els\u00e4sser-Refugim-14-300x200.jpg 300w, https:\/\/dka.ch\/wp-content\/uploads\/2020\/09\/Els\u00e4sser-Refugim-14-768x512.jpg 768w, https:\/\/dka.ch\/wp-content\/uploads\/2020\/09\/Els\u00e4sser-Refugim-14-1024x683.jpg 1024w, https:\/\/dka.ch\/wp-content\/uploads\/2020\/09\/Els\u00e4sser-Refugim-14-1000x667.jpg 1000w, https:\/\/dka.ch\/wp-content\/uploads\/2020\/09\/Els\u00e4sser-Refugim-14-660x440.jpg 660w, https:\/\/dka.ch\/wp-content\/uploads\/2020\/09\/Els\u00e4sser-Refugim-14-373x248.jpg 373w\" sizes=\"auto, (max-width: 1800px) 100vw, 1800px\" \/><\/p>\n<p><img loading=\"lazy\" decoding=\"async\" class=\"size-full wp-image-1908\" src=\"https:\/\/dka.ch\/wp-content\/uploads\/2020\/09\/Els\u00e4sser-Refugim-15.jpg\" alt=\"\" width=\"1800\" height=\"1200\" srcset=\"https:\/\/dka.ch\/wp-content\/uploads\/2020\/09\/Els\u00e4sser-Refugim-15.jpg 1800w, https:\/\/dka.ch\/wp-content\/uploads\/2020\/09\/Els\u00e4sser-Refugim-15-300x200.jpg 300w, https:\/\/dka.ch\/wp-content\/uploads\/2020\/09\/Els\u00e4sser-Refugim-15-768x512.jpg 768w, https:\/\/dka.ch\/wp-content\/uploads\/2020\/09\/Els\u00e4sser-Refugim-15-1024x683.jpg 1024w, https:\/\/dka.ch\/wp-content\/uploads\/2020\/09\/Els\u00e4sser-Refugim-15-1000x667.jpg 1000w, https:\/\/dka.ch\/wp-content\/uploads\/2020\/09\/Els\u00e4sser-Refugim-15-660x440.jpg 660w, https:\/\/dka.ch\/wp-content\/uploads\/2020\/09\/Els\u00e4sser-Refugim-15-373x248.jpg 373w\" sizes=\"auto, (max-width: 1800px) 100vw, 1800px\" \/><\/p>\n<p><img loading=\"lazy\" decoding=\"async\" class=\"size-full wp-image-1909\" src=\"https:\/\/dka.ch\/wp-content\/uploads\/2020\/09\/Els\u00e4sser-Refugim-16.jpg\" alt=\"\" width=\"1800\" height=\"1200\" srcset=\"https:\/\/dka.ch\/wp-content\/uploads\/2020\/09\/Els\u00e4sser-Refugim-16.jpg 1800w, https:\/\/dka.ch\/wp-content\/uploads\/2020\/09\/Els\u00e4sser-Refugim-16-300x200.jpg 300w, https:\/\/dka.ch\/wp-content\/uploads\/2020\/09\/Els\u00e4sser-Refugim-16-768x512.jpg 768w, https:\/\/dka.ch\/wp-content\/uploads\/2020\/09\/Els\u00e4sser-Refugim-16-1024x683.jpg 1024w, https:\/\/dka.ch\/wp-content\/uploads\/2020\/09\/Els\u00e4sser-Refugim-16-1000x667.jpg 1000w, https:\/\/dka.ch\/wp-content\/uploads\/2020\/09\/Els\u00e4sser-Refugim-16-660x440.jpg 660w, https:\/\/dka.ch\/wp-content\/uploads\/2020\/09\/Els\u00e4sser-Refugim-16-373x248.jpg 373w\" sizes=\"auto, (max-width: 1800px) 100vw, 1800px\" \/><\/p>\n<p><img loading=\"lazy\" decoding=\"async\" class=\"size-full wp-image-1910\" src=\"https:\/\/dka.ch\/wp-content\/uploads\/2020\/09\/Els\u00e4sser-Refugim-17.jpg\" alt=\"\" width=\"1800\" height=\"1200\" srcset=\"https:\/\/dka.ch\/wp-content\/uploads\/2020\/09\/Els\u00e4sser-Refugim-17.jpg 1800w, https:\/\/dka.ch\/wp-content\/uploads\/2020\/09\/Els\u00e4sser-Refugim-17-300x200.jpg 300w, https:\/\/dka.ch\/wp-content\/uploads\/2020\/09\/Els\u00e4sser-Refugim-17-768x512.jpg 768w, https:\/\/dka.ch\/wp-content\/uploads\/2020\/09\/Els\u00e4sser-Refugim-17-1024x683.jpg 1024w, https:\/\/dka.ch\/wp-content\/uploads\/2020\/09\/Els\u00e4sser-Refugim-17-1000x667.jpg 1000w, https:\/\/dka.ch\/wp-content\/uploads\/2020\/09\/Els\u00e4sser-Refugim-17-660x440.jpg 660w, https:\/\/dka.ch\/wp-content\/uploads\/2020\/09\/Els\u00e4sser-Refugim-17-373x248.jpg 373w\" sizes=\"auto, (max-width: 1800px) 100vw, 1800px\" \/><\/p>\n<p><img loading=\"lazy\" decoding=\"async\" class=\"size-full wp-image-1911\" src=\"https:\/\/dka.ch\/wp-content\/uploads\/2020\/09\/Els\u00e4sser-Refugim-18.jpg\" alt=\"\" width=\"1800\" height=\"1200\" srcset=\"https:\/\/dka.ch\/wp-content\/uploads\/2020\/09\/Els\u00e4sser-Refugim-18.jpg 1800w, https:\/\/dka.ch\/wp-content\/uploads\/2020\/09\/Els\u00e4sser-Refugim-18-300x200.jpg 300w, https:\/\/dka.ch\/wp-content\/uploads\/2020\/09\/Els\u00e4sser-Refugim-18-768x512.jpg 768w, https:\/\/dka.ch\/wp-content\/uploads\/2020\/09\/Els\u00e4sser-Refugim-18-1024x683.jpg 1024w, https:\/\/dka.ch\/wp-content\/uploads\/2020\/09\/Els\u00e4sser-Refugim-18-1000x667.jpg 1000w, https:\/\/dka.ch\/wp-content\/uploads\/2020\/09\/Els\u00e4sser-Refugim-18-660x440.jpg 660w, https:\/\/dka.ch\/wp-content\/uploads\/2020\/09\/Els\u00e4sser-Refugim-18-373x248.jpg 373w\" sizes=\"auto, (max-width: 1800px) 100vw, 1800px\" \/><\/p>\n<p><img loading=\"lazy\" decoding=\"async\" class=\"size-full wp-image-1912\" src=\"https:\/\/dka.ch\/wp-content\/uploads\/2020\/09\/Els\u00e4sser-Refugim-19.jpg\" alt=\"\" width=\"1200\" height=\"1800\" srcset=\"https:\/\/dka.ch\/wp-content\/uploads\/2020\/09\/Els\u00e4sser-Refugim-19.jpg 1200w, https:\/\/dka.ch\/wp-content\/uploads\/2020\/09\/Els\u00e4sser-Refugim-19-200x300.jpg 200w, https:\/\/dka.ch\/wp-content\/uploads\/2020\/09\/Els\u00e4sser-Refugim-19-768x1152.jpg 768w, https:\/\/dka.ch\/wp-content\/uploads\/2020\/09\/Els\u00e4sser-Refugim-19-683x1024.jpg 683w, https:\/\/dka.ch\/wp-content\/uploads\/2020\/09\/Els\u00e4sser-Refugim-19-1000x1500.jpg 1000w\" sizes=\"auto, (max-width: 1200px) 100vw, 1200px\" \/><\/p>\n<p>DKA GmbH \u2022 Pfeffingerstrasse 12 \u2022 4147 Aesch\\BL \u2022 079 724 46 38 \u2022 cadplaner@icloud.com<\/p>\n","protected":false},"excerpt":{"rendered":"<p>Die Datscha am Kirschwater Creek: Die Geschichte am Kirschwater Creek beginnt 1995 mit dem Bezug dieses Els\u00e4sser Refugium&#8217;s. Die Architektur hier dient dazu den Menschen Raum zu bietet f\u00fcr ihre Entfaltung, ihre Kreativit\u00e4t und ihre\u00a0Lebensfreude,&hellip; <a class=\"excerpt-more-link\" href=\"https:\/\/dka.ch\/index.php\/elsaesser-refugium\/\">Read More<\/a><\/p>\n","protected":false},"author":1,"featured_media":0,"parent":0,"menu_order":0,"comment_status":"closed","ping_status":"closed","template":"page-templates\/full-width.php","meta":{"footnotes":""},"class_list":["post-1892","page","type-page","status-publish","hentry"],"_links":{"self":[{"href":"https:\/\/dka.ch\/index.php\/wp-json\/wp\/v2\/pages\/1892","targetHints":{"allow":["GET"]}}],"collection":[{"href":"https:\/\/dka.ch\/index.php\/wp-json\/wp\/v2\/pages"}],"about":[{"href":"https:\/\/dka.ch\/index.php\/wp-json\/wp\/v2\/types\/page"}],"author":[{"embeddable":true,"href":"https:\/\/dka.ch\/index.php\/wp-json\/wp\/v2\/users\/1"}],"replies":[{"embeddable":true,"href":"https:\/\/dka.ch\/index.php\/wp-json\/wp\/v2\/comments?post=1892"}],"version-history":[{"count":6,"href":"https:\/\/dka.ch\/index.php\/wp-json\/wp\/v2\/pages\/1892\/revisions"}],"predecessor-version":[{"id":2173,"href":"https:\/\/dka.ch\/index.php\/wp-json\/wp\/v2\/pages\/1892\/revisions\/2173"}],"wp:attachment":[{"href":"https:\/\/dka.ch\/index.php\/wp-json\/wp\/v2\/media?parent=1892"}],"curies":[{"name":"wp","href":"https:\/\/api.w.org\/{rel}","templated":true}]}}