{"id":1856,"date":"2020-06-18T16:28:23","date_gmt":"2020-06-18T14:28:23","guid":{"rendered":"https:\/\/dka.ch\/?page_id=1856"},"modified":"2023-08-22T15:09:09","modified_gmt":"2023-08-22T13:09:09","slug":"bodenwasserablauf","status":"publish","type":"page","link":"https:\/\/dka.ch\/index.php\/bodenwasserablauf\/","title":{"rendered":"Bodenwasserablauf"},"content":{"rendered":"<h3>&#8230;Typ von Roll 1793\u00a0<b>\u00abStadt Basel\u00bb <\/b><br \/>\nmit automatischem R\u00fcckstauverschluss.<br \/>\nDer Mercedes-Benz der Bodenabl\u00e4ufe.<br \/>\nKlein, fein und smart verhindert er bei Hochwasser, Gewitter und Platzregen<br \/>\nden R\u00fcckfluss des Abwassers in ihre Kellerr\u00e4ume.<br \/>\n<strong>Sch\u00fctzt vor der Gefahr einer Keller\u00fcberflutung!<\/strong><\/h3>\n<p>&nbsp;<\/p>\n<p><img loading=\"lazy\" decoding=\"async\" class=\"size-full wp-image-1787\" src=\"https:\/\/dka.ch\/wp-content\/uploads\/2020\/06\/DKA-Beitrag-11.3.jpg\" alt=\"\" width=\"1800\" height=\"1800\" srcset=\"https:\/\/dka.ch\/wp-content\/uploads\/2020\/06\/DKA-Beitrag-11.3.jpg 1800w, https:\/\/dka.ch\/wp-content\/uploads\/2020\/06\/DKA-Beitrag-11.3-150x150.jpg 150w, https:\/\/dka.ch\/wp-content\/uploads\/2020\/06\/DKA-Beitrag-11.3-300x300.jpg 300w, https:\/\/dka.ch\/wp-content\/uploads\/2020\/06\/DKA-Beitrag-11.3-768x768.jpg 768w, https:\/\/dka.ch\/wp-content\/uploads\/2020\/06\/DKA-Beitrag-11.3-1024x1024.jpg 1024w, https:\/\/dka.ch\/wp-content\/uploads\/2020\/06\/DKA-Beitrag-11.3-1000x1000.jpg 1000w, https:\/\/dka.ch\/wp-content\/uploads\/2020\/06\/DKA-Beitrag-11.3-660x660.jpg 660w, https:\/\/dka.ch\/wp-content\/uploads\/2020\/06\/DKA-Beitrag-11.3-373x373.jpg 373w\" sizes=\"auto, (max-width: 1800px) 100vw, 1800px\" \/><\/p>\n<p>DKA GmbH \u2022 Pfeffingerstrasse 12 \u2022 4147 Aesch\\BL \u2022 079 724 46 38 \u2022 cadplaner@icloud.com<\/p>\n","protected":false},"excerpt":{"rendered":"<p>&#8230;Typ von Roll 1793\u00a0\u00abStadt Basel\u00bb mit automatischem R\u00fcckstauverschluss. Der Mercedes-Benz der Bodenabl\u00e4ufe. Klein, fein und smart verhindert er bei Hochwasser, Gewitter und Platzregen den R\u00fcckfluss des Abwassers in ihre Kellerr\u00e4ume. Sch\u00fctzt vor der Gefahr einer&hellip; <a class=\"excerpt-more-link\" href=\"https:\/\/dka.ch\/index.php\/bodenwasserablauf\/\">Read More<\/a><\/p>\n","protected":false},"author":1,"featured_media":0,"parent":0,"menu_order":0,"comment_status":"closed","ping_status":"closed","template":"","meta":{"footnotes":""},"class_list":["post-1856","page","type-page","status-publish","hentry"],"_links":{"self":[{"href":"https:\/\/dka.ch\/index.php\/wp-json\/wp\/v2\/pages\/1856","targetHints":{"allow":["GET"]}}],"collection":[{"href":"https:\/\/dka.ch\/index.php\/wp-json\/wp\/v2\/pages"}],"about":[{"href":"https:\/\/dka.ch\/index.php\/wp-json\/wp\/v2\/types\/page"}],"author":[{"embeddable":true,"href":"https:\/\/dka.ch\/index.php\/wp-json\/wp\/v2\/users\/1"}],"replies":[{"embeddable":true,"href":"https:\/\/dka.ch\/index.php\/wp-json\/wp\/v2\/comments?post=1856"}],"version-history":[{"count":3,"href":"https:\/\/dka.ch\/index.php\/wp-json\/wp\/v2\/pages\/1856\/revisions"}],"predecessor-version":[{"id":2062,"href":"https:\/\/dka.ch\/index.php\/wp-json\/wp\/v2\/pages\/1856\/revisions\/2062"}],"wp:attachment":[{"href":"https:\/\/dka.ch\/index.php\/wp-json\/wp\/v2\/media?parent=1856"}],"curies":[{"name":"wp","href":"https:\/\/api.w.org\/{rel}","templated":true}]}}