{"id":1840,"date":"2020-06-16T23:49:04","date_gmt":"2020-06-16T21:49:04","guid":{"rendered":"https:\/\/dka.ch\/?page_id=1840"},"modified":"2023-08-22T15:15:02","modified_gmt":"2023-08-22T13:15:02","slug":"erdwaerme-nutzung","status":"publish","type":"page","link":"https:\/\/dka.ch\/index.php\/erdwaerme-nutzung\/","title":{"rendered":"Erdw\u00e4rme-Nutzung"},"content":{"rendered":"<h3>Bohrung f\u00fcr eine Erdw\u00e4rmesonde auf rund 150 Meter Tiefe.<br \/>\nEine einfache Technologie bei der ein fl\u00fcssiges Medium zirkuliert<br \/>\nund W\u00e4rme aus dem Untergrund f\u00f6rdert f\u00fcr Raumheizw\u00e4rme<br \/>\nund Brauchwarmwasser.<\/h3>\n<p>&nbsp;<\/p>\n<p><img loading=\"lazy\" decoding=\"async\" class=\"size-full wp-image-1833\" src=\"https:\/\/dka.ch\/wp-content\/uploads\/2020\/06\/DKA-Beitrag-17.1.jpg\" alt=\"\" width=\"1800\" height=\"1800\" srcset=\"https:\/\/dka.ch\/wp-content\/uploads\/2020\/06\/DKA-Beitrag-17.1.jpg 1800w, https:\/\/dka.ch\/wp-content\/uploads\/2020\/06\/DKA-Beitrag-17.1-150x150.jpg 150w, https:\/\/dka.ch\/wp-content\/uploads\/2020\/06\/DKA-Beitrag-17.1-300x300.jpg 300w, https:\/\/dka.ch\/wp-content\/uploads\/2020\/06\/DKA-Beitrag-17.1-768x768.jpg 768w, https:\/\/dka.ch\/wp-content\/uploads\/2020\/06\/DKA-Beitrag-17.1-1024x1024.jpg 1024w, https:\/\/dka.ch\/wp-content\/uploads\/2020\/06\/DKA-Beitrag-17.1-1000x1000.jpg 1000w, https:\/\/dka.ch\/wp-content\/uploads\/2020\/06\/DKA-Beitrag-17.1-660x660.jpg 660w, https:\/\/dka.ch\/wp-content\/uploads\/2020\/06\/DKA-Beitrag-17.1-373x373.jpg 373w\" sizes=\"auto, (max-width: 1800px) 100vw, 1800px\" \/><\/p>\n<p>DKA GmbH \u2022 Pfeffingerstrasse 12 \u2022 4147 Aesch\\BL \u2022 079 724 46 38 \u2022 cadplaner@icloud.com<\/p>\n","protected":false},"excerpt":{"rendered":"<p>Bohrung f\u00fcr eine Erdw\u00e4rmesonde auf rund 150 Meter Tiefe. Eine einfache Technologie bei der ein fl\u00fcssiges Medium zirkuliert und W\u00e4rme aus dem Untergrund f\u00f6rdert f\u00fcr Raumheizw\u00e4rme und Brauchwarmwasser. &nbsp; DKA GmbH \u2022 Pfeffingerstrasse 12 \u2022&hellip; <a class=\"excerpt-more-link\" href=\"https:\/\/dka.ch\/index.php\/erdwaerme-nutzung\/\">Read More<\/a><\/p>\n","protected":false},"author":1,"featured_media":0,"parent":0,"menu_order":0,"comment_status":"closed","ping_status":"closed","template":"","meta":{"footnotes":""},"class_list":["post-1840","page","type-page","status-publish","hentry"],"_links":{"self":[{"href":"https:\/\/dka.ch\/index.php\/wp-json\/wp\/v2\/pages\/1840","targetHints":{"allow":["GET"]}}],"collection":[{"href":"https:\/\/dka.ch\/index.php\/wp-json\/wp\/v2\/pages"}],"about":[{"href":"https:\/\/dka.ch\/index.php\/wp-json\/wp\/v2\/types\/page"}],"author":[{"embeddable":true,"href":"https:\/\/dka.ch\/index.php\/wp-json\/wp\/v2\/users\/1"}],"replies":[{"embeddable":true,"href":"https:\/\/dka.ch\/index.php\/wp-json\/wp\/v2\/comments?post=1840"}],"version-history":[{"count":5,"href":"https:\/\/dka.ch\/index.php\/wp-json\/wp\/v2\/pages\/1840\/revisions"}],"predecessor-version":[{"id":2067,"href":"https:\/\/dka.ch\/index.php\/wp-json\/wp\/v2\/pages\/1840\/revisions\/2067"}],"wp:attachment":[{"href":"https:\/\/dka.ch\/index.php\/wp-json\/wp\/v2\/media?parent=1840"}],"curies":[{"name":"wp","href":"https:\/\/api.w.org\/{rel}","templated":true}]}}