{"id":1821,"date":"2020-06-16T15:48:53","date_gmt":"2020-06-16T13:48:53","guid":{"rendered":"https:\/\/dka.ch\/?page_id=1821"},"modified":"2023-08-22T15:17:11","modified_gmt":"2023-08-22T13:17:11","slug":"holzpellet-zentralheizung","status":"publish","type":"page","link":"https:\/\/dka.ch\/index.php\/holzpellet-zentralheizung\/","title":{"rendered":"Holzpellet-Zentralheizung"},"content":{"rendered":"<h3>\u2026mit dem stetig nachwachsenden Heizmaterial Holz.<br \/>\nF\u00fcr behagliche Raumw\u00e4rme, f\u00fcr das Warmwasser zum Duschen,<br \/>\nzum Baden und den Haushalt. Umweltfreundliche,<br \/>\nklimaschonend, bedinungsfreundlich und unterhaltsam.<br \/>\n<strong>Eine kluge Investition in die Zukunft Ihrer Liegenschaft!<br \/>\n<\/strong><\/h3>\n<p>&nbsp;<\/p>\n<p><img loading=\"lazy\" decoding=\"async\" class=\"size-full wp-image-1789\" src=\"https:\/\/dka.ch\/wp-content\/uploads\/2020\/06\/DKA-Beitrag-13.2.jpg\" alt=\"\" width=\"1800\" height=\"1800\" srcset=\"https:\/\/dka.ch\/wp-content\/uploads\/2020\/06\/DKA-Beitrag-13.2.jpg 1800w, https:\/\/dka.ch\/wp-content\/uploads\/2020\/06\/DKA-Beitrag-13.2-150x150.jpg 150w, https:\/\/dka.ch\/wp-content\/uploads\/2020\/06\/DKA-Beitrag-13.2-300x300.jpg 300w, https:\/\/dka.ch\/wp-content\/uploads\/2020\/06\/DKA-Beitrag-13.2-768x768.jpg 768w, https:\/\/dka.ch\/wp-content\/uploads\/2020\/06\/DKA-Beitrag-13.2-1024x1024.jpg 1024w, https:\/\/dka.ch\/wp-content\/uploads\/2020\/06\/DKA-Beitrag-13.2-1000x1000.jpg 1000w, https:\/\/dka.ch\/wp-content\/uploads\/2020\/06\/DKA-Beitrag-13.2-660x660.jpg 660w, https:\/\/dka.ch\/wp-content\/uploads\/2020\/06\/DKA-Beitrag-13.2-373x373.jpg 373w\" sizes=\"auto, (max-width: 1800px) 100vw, 1800px\" \/><\/p>\n<p>DKA GmbH \u2022 Pfeffingerstrasse 12 \u2022 4147 Aesch\\BL \u2022 079 724 46 38 \u2022 cadplaner@icloud.com<\/p>\n","protected":false},"excerpt":{"rendered":"<p>\u2026mit dem stetig nachwachsenden Heizmaterial Holz. F\u00fcr behagliche Raumw\u00e4rme, f\u00fcr das Warmwasser zum Duschen, zum Baden und den Haushalt. Umweltfreundliche, klimaschonend, bedinungsfreundlich und unterhaltsam. Eine kluge Investition in die Zukunft Ihrer Liegenschaft! &nbsp; DKA GmbH&hellip; <a class=\"excerpt-more-link\" href=\"https:\/\/dka.ch\/index.php\/holzpellet-zentralheizung\/\">Read More<\/a><\/p>\n","protected":false},"author":1,"featured_media":0,"parent":0,"menu_order":0,"comment_status":"closed","ping_status":"closed","template":"","meta":{"footnotes":""},"class_list":["post-1821","page","type-page","status-publish","hentry"],"_links":{"self":[{"href":"https:\/\/dka.ch\/index.php\/wp-json\/wp\/v2\/pages\/1821","targetHints":{"allow":["GET"]}}],"collection":[{"href":"https:\/\/dka.ch\/index.php\/wp-json\/wp\/v2\/pages"}],"about":[{"href":"https:\/\/dka.ch\/index.php\/wp-json\/wp\/v2\/types\/page"}],"author":[{"embeddable":true,"href":"https:\/\/dka.ch\/index.php\/wp-json\/wp\/v2\/users\/1"}],"replies":[{"embeddable":true,"href":"https:\/\/dka.ch\/index.php\/wp-json\/wp\/v2\/comments?post=1821"}],"version-history":[{"count":9,"href":"https:\/\/dka.ch\/index.php\/wp-json\/wp\/v2\/pages\/1821\/revisions"}],"predecessor-version":[{"id":2072,"href":"https:\/\/dka.ch\/index.php\/wp-json\/wp\/v2\/pages\/1821\/revisions\/2072"}],"wp:attachment":[{"href":"https:\/\/dka.ch\/index.php\/wp-json\/wp\/v2\/media?parent=1821"}],"curies":[{"name":"wp","href":"https:\/\/api.w.org\/{rel}","templated":true}]}}