{"id":1814,"date":"2020-06-16T15:41:23","date_gmt":"2020-06-16T13:41:23","guid":{"rendered":"https:\/\/dka.ch\/?page_id=1814"},"modified":"2023-08-22T15:15:46","modified_gmt":"2023-08-22T13:15:46","slug":"grauwasser-anlage","status":"publish","type":"page","link":"https:\/\/dka.ch\/index.php\/grauwasser-anlage\/","title":{"rendered":"Grauwasser-Anlage"},"content":{"rendered":"<h3>&#8230;f\u00fcr WC-Sp\u00fclung und Gartenbew\u00e4sserung ist unser<span class=\"Apple-converted-space\"><br \/>\n<\/span>Trinkwasser ein zu kostbares Gut. Hierf\u00fcr eignet sich<br \/>\ndas anfallende Regenwasser von den Dachfl\u00e4chen<span class=\"Apple-converted-space\"><br \/>\n<\/span>einfach besser. In Tanks gelagert, wird es nach Bedarf<br \/>\nf\u00fcr genannte Zwecke verwendet.<br \/>\n<strong>Spart langfristig j\u00e4hrlich Abwassergeb\u00fchren!<\/strong><\/h3>\n<p>&nbsp;<\/p>\n<p><img loading=\"lazy\" decoding=\"async\" class=\"size-full wp-image-1790\" src=\"https:\/\/dka.ch\/wp-content\/uploads\/2020\/06\/DKA-Beitrag-15.1.jpg\" alt=\"\" width=\"1800\" height=\"1800\" srcset=\"https:\/\/dka.ch\/wp-content\/uploads\/2020\/06\/DKA-Beitrag-15.1.jpg 1800w, https:\/\/dka.ch\/wp-content\/uploads\/2020\/06\/DKA-Beitrag-15.1-150x150.jpg 150w, https:\/\/dka.ch\/wp-content\/uploads\/2020\/06\/DKA-Beitrag-15.1-300x300.jpg 300w, https:\/\/dka.ch\/wp-content\/uploads\/2020\/06\/DKA-Beitrag-15.1-768x768.jpg 768w, https:\/\/dka.ch\/wp-content\/uploads\/2020\/06\/DKA-Beitrag-15.1-1024x1024.jpg 1024w, https:\/\/dka.ch\/wp-content\/uploads\/2020\/06\/DKA-Beitrag-15.1-1000x1000.jpg 1000w, https:\/\/dka.ch\/wp-content\/uploads\/2020\/06\/DKA-Beitrag-15.1-660x660.jpg 660w, https:\/\/dka.ch\/wp-content\/uploads\/2020\/06\/DKA-Beitrag-15.1-373x373.jpg 373w\" sizes=\"auto, (max-width: 1800px) 100vw, 1800px\" \/><\/p>\n<p>DKA GmbH \u2022 Pfeffingerstrasse 12 \u2022 4147 Aesch\\BL \u2022 079 724 46 38 \u2022 cadplaner@icloud.com<\/p>\n","protected":false},"excerpt":{"rendered":"<p>&#8230;f\u00fcr WC-Sp\u00fclung und Gartenbew\u00e4sserung ist unser Trinkwasser ein zu kostbares Gut. Hierf\u00fcr eignet sich das anfallende Regenwasser von den Dachfl\u00e4chen einfach besser. In Tanks gelagert, wird es nach Bedarf f\u00fcr genannte Zwecke verwendet. Spart langfristig&hellip; <a class=\"excerpt-more-link\" href=\"https:\/\/dka.ch\/index.php\/grauwasser-anlage\/\">Read More<\/a><\/p>\n","protected":false},"author":1,"featured_media":0,"parent":0,"menu_order":0,"comment_status":"closed","ping_status":"closed","template":"","meta":{"footnotes":""},"class_list":["post-1814","page","type-page","status-publish","hentry"],"_links":{"self":[{"href":"https:\/\/dka.ch\/index.php\/wp-json\/wp\/v2\/pages\/1814","targetHints":{"allow":["GET"]}}],"collection":[{"href":"https:\/\/dka.ch\/index.php\/wp-json\/wp\/v2\/pages"}],"about":[{"href":"https:\/\/dka.ch\/index.php\/wp-json\/wp\/v2\/types\/page"}],"author":[{"embeddable":true,"href":"https:\/\/dka.ch\/index.php\/wp-json\/wp\/v2\/users\/1"}],"replies":[{"embeddable":true,"href":"https:\/\/dka.ch\/index.php\/wp-json\/wp\/v2\/comments?post=1814"}],"version-history":[{"count":5,"href":"https:\/\/dka.ch\/index.php\/wp-json\/wp\/v2\/pages\/1814\/revisions"}],"predecessor-version":[{"id":2070,"href":"https:\/\/dka.ch\/index.php\/wp-json\/wp\/v2\/pages\/1814\/revisions\/2070"}],"wp:attachment":[{"href":"https:\/\/dka.ch\/index.php\/wp-json\/wp\/v2\/media?parent=1814"}],"curies":[{"name":"wp","href":"https:\/\/api.w.org\/{rel}","templated":true}]}}