{"id":1801,"date":"2020-06-16T15:31:55","date_gmt":"2020-06-16T13:31:55","guid":{"rendered":"https:\/\/dka.ch\/?page_id=1801"},"modified":"2023-08-22T15:21:21","modified_gmt":"2023-08-22T13:21:21","slug":"versickerungs-anlage","status":"publish","type":"page","link":"https:\/\/dka.ch\/index.php\/versickerungs-anlage\/","title":{"rendered":"Versickerungs-Anlage"},"content":{"rendered":"<h3>&#8230;zur Grundwasser-Anreicherung.<br \/>\nDas Regenwasser der Dachfl\u00e4chen wird nicht<span class=\"Apple-converted-space\"><br \/>\n<\/span>\u00fcber die Kanalisation abgeleitet, sondern wird<br \/>\nmit Hilfe dieser blauen Versickerungsk\u00f6rbe<span class=\"Apple-converted-space\"><br \/>\n<\/span>dem nat\u00fcrlichen Wasserkreislauf wieder zugef\u00fchrt.<br \/>\n<strong>Spart langfristig j\u00e4hrlich Abwassergeb\u00fchren!<\/strong><\/h3>\n<p>&nbsp;<\/p>\n<p><img loading=\"lazy\" decoding=\"async\" class=\"size-full wp-image-1788\" src=\"https:\/\/dka.ch\/wp-content\/uploads\/2020\/06\/DKA-Beitrag-12.1.jpg\" alt=\"\" width=\"1800\" height=\"1800\" srcset=\"https:\/\/dka.ch\/wp-content\/uploads\/2020\/06\/DKA-Beitrag-12.1.jpg 1800w, https:\/\/dka.ch\/wp-content\/uploads\/2020\/06\/DKA-Beitrag-12.1-150x150.jpg 150w, https:\/\/dka.ch\/wp-content\/uploads\/2020\/06\/DKA-Beitrag-12.1-300x300.jpg 300w, https:\/\/dka.ch\/wp-content\/uploads\/2020\/06\/DKA-Beitrag-12.1-768x768.jpg 768w, https:\/\/dka.ch\/wp-content\/uploads\/2020\/06\/DKA-Beitrag-12.1-1024x1024.jpg 1024w, https:\/\/dka.ch\/wp-content\/uploads\/2020\/06\/DKA-Beitrag-12.1-1000x1000.jpg 1000w, https:\/\/dka.ch\/wp-content\/uploads\/2020\/06\/DKA-Beitrag-12.1-660x660.jpg 660w, https:\/\/dka.ch\/wp-content\/uploads\/2020\/06\/DKA-Beitrag-12.1-373x373.jpg 373w\" sizes=\"auto, (max-width: 1800px) 100vw, 1800px\" \/><\/p>\n<p>DKA GmbH \u2022 Pfeffingerstrasse 12 \u2022 4147 Aesch\\BL \u2022 079 724 46 38 \u2022 cadplaner@icloud.com<\/p>\n","protected":false},"excerpt":{"rendered":"<p>&#8230;zur Grundwasser-Anreicherung. Das Regenwasser der Dachfl\u00e4chen wird nicht \u00fcber die Kanalisation abgeleitet, sondern wird mit Hilfe dieser blauen Versickerungsk\u00f6rbe dem nat\u00fcrlichen Wasserkreislauf wieder zugef\u00fchrt. Spart langfristig j\u00e4hrlich Abwassergeb\u00fchren! &nbsp; DKA GmbH \u2022 Pfeffingerstrasse 12 \u2022&hellip; <a class=\"excerpt-more-link\" href=\"https:\/\/dka.ch\/index.php\/versickerungs-anlage\/\">Read More<\/a><\/p>\n","protected":false},"author":1,"featured_media":0,"parent":0,"menu_order":0,"comment_status":"closed","ping_status":"closed","template":"","meta":{"footnotes":""},"class_list":["post-1801","page","type-page","status-publish","hentry"],"_links":{"self":[{"href":"https:\/\/dka.ch\/index.php\/wp-json\/wp\/v2\/pages\/1801","targetHints":{"allow":["GET"]}}],"collection":[{"href":"https:\/\/dka.ch\/index.php\/wp-json\/wp\/v2\/pages"}],"about":[{"href":"https:\/\/dka.ch\/index.php\/wp-json\/wp\/v2\/types\/page"}],"author":[{"embeddable":true,"href":"https:\/\/dka.ch\/index.php\/wp-json\/wp\/v2\/users\/1"}],"replies":[{"embeddable":true,"href":"https:\/\/dka.ch\/index.php\/wp-json\/wp\/v2\/comments?post=1801"}],"version-history":[{"count":9,"href":"https:\/\/dka.ch\/index.php\/wp-json\/wp\/v2\/pages\/1801\/revisions"}],"predecessor-version":[{"id":2081,"href":"https:\/\/dka.ch\/index.php\/wp-json\/wp\/v2\/pages\/1801\/revisions\/2081"}],"wp:attachment":[{"href":"https:\/\/dka.ch\/index.php\/wp-json\/wp\/v2\/media?parent=1801"}],"curies":[{"name":"wp","href":"https:\/\/api.w.org\/{rel}","templated":true}]}}