{"id":1714,"date":"2019-10-19T22:42:15","date_gmt":"2019-10-19T20:42:15","guid":{"rendered":"https:\/\/dka.ch\/?page_id=1714"},"modified":"2025-08-29T18:06:39","modified_gmt":"2025-08-29T16:06:39","slug":"das-modulare-tiny-house","status":"publish","type":"page","link":"https:\/\/dka.ch\/index.php\/das-modulare-tiny-house\/","title":{"rendered":"Das modulare Tiny-house"},"content":{"rendered":"<p>&nbsp;<\/p>\n<hr \/>\n<p>&nbsp;<\/p>\n<h3><span style=\"color: #000000;\"><strong>\u2022 Multifunktionale Architektur<br \/>\n<\/strong><\/span><span style=\"color: #000000;\"><strong>\u2022 Multi-use Architecture<br \/>\n<\/strong><\/span><span style=\"color: #000000;\"><strong>\u2022 Architecture multifonctionnelle<\/strong><\/span><\/h3>\n<p>&nbsp;<\/p>\n<hr \/>\n<h3 class=\"has-large-font-size\"><span style=\"color: #000000;\">Mit einem Personenwagen kann man zum B\u00e4cker oder nach Helsinki fahren. Sie k\u00f6nnen es nutzen f\u00fcr die Fahrt zur Arbeit oder als TaxifahrerIn f\u00fcr Ihre Arbeit. Sie k\u00f6nnen eine Sonntagsfahrt machen oder damit vier Harassen Mineralwasser transportieren. Ein Personenwagen ist multifunktional.<\/span><\/h3>\n<h3 class=\"has-large-font-size\"><span style=\"color: #000000;\"><strong>Unser multifunktionales Architektur-Konzept, cube-tower<\/strong> <strong>schafft Raumangebote mit ganz unterschiedlichen Nutzungsm\u00f6glichkeiten.<\/strong><\/span><\/h3>\n<h3 class=\"has-large-font-size\"><strong style=\"color: #000000; font-size: 1.125rem;\">In unserem cube-tower kann man Wohnen<\/strong><span style=\"color: #000000; font-size: 1.125rem;\">:<br \/>\n<\/span><span style=\"color: #000000; font-size: 1.125rem;\">\u2022 im tiny-house, auf einem (30m2) oder zwei Stockwerken (60m2)<br \/>\n<\/span><span style=\"color: #000000; font-size: 1.125rem;\">\u2022 im Einfamilienhaus (120m2), 2 Cube\u2019s mit Verbindungsgang<br \/>\n<\/span><span style=\"color: #000000; font-size: 1.125rem;\">\u2022 in der Villa (180m2) 3 Cube\u2019s mit Verbindungsgang<br \/>\n<\/span><span style=\"color: #000000; font-size: 1.125rem;\">\u2022 im Stadtpalais (240m2) 4 Cube\u2019s mit Verbindungsgang<br \/>\n<\/span><span style=\"color: #000000; font-size: 1.125rem;\">\u2022 im Stadtschloss (720m2)<br \/>\n<\/span><span style=\"color: #000000; font-size: 1.125rem;\">\u2022 im Apartmenthaus mit 12 bis 24 Apartment<br \/>\n<\/span><span style=\"color: #000000; font-size: 1.125rem;\">\u2022 im Hotel, 16 Hotelzimmer, Rezeption, Fr\u00fchst\u00fccks- &amp; Aufenthaltsraum<br \/>\n<\/span><span style=\"color: #000000; font-size: 1.125rem;\">\u2022 im Studentenwohnheim mit 32 Zimmer<br \/>\n<\/span><span style=\"color: #000000; font-size: 1.125rem;\">\u2022 etc.<\/span><\/h3>\n<h3 class=\"has-large-font-size\"><strong style=\"color: #000000; font-size: 1.125rem;\">In unserem cube-tower kann man Arbeiten:<br \/>\n<\/strong><span style=\"color: #000000; font-size: 1.125rem;\">\u2022 Je nach Anforderungen bietet unser cube-tower Arbeits- und B\u00fcro- und Nutzfl\u00e4chen von 15m2, 30m2 \u00fcber 60m2 bis total 720m2.<br \/>\n<\/span><span style=\"color: #000000; font-size: 1.125rem;\">\u2022 B\u00fcro<br \/>\n<\/span><span style=\"color: #000000; font-size: 1.125rem;\">\u2022 Praxis<br \/>\n<\/span><span style=\"color: #000000; font-size: 1.125rem;\">\u2022 Laden<br \/>\n<\/span><span style=\"color: #000000; font-size: 1.125rem;\">\u2022 Restaurant<br \/>\n<\/span><span style=\"color: #000000; font-size: 1.125rem;\">\u2022 Werkstatt<br \/>\n<\/span><span style=\"color: #000000; font-size: 1.125rem;\">\u2022 Atelier<br \/>\n<\/span><span style=\"color: #000000; font-size: 1.125rem;\">\u2022 Kinderkrippe<br \/>\n<\/span><span style=\"color: #000000; font-size: 1.125rem;\">\u2022 Weiterbildung, Kurslokal<br \/>\n<\/span><span style=\"color: #000000; font-size: 1.125rem;\">\u2022 Privatschule, Kleinklassen<br \/>\n<\/span><span style=\"color: #000000; font-size: 1.125rem;\">\u2022 etc.<\/span><\/h3>\n<h3 class=\"has-large-font-size\"><span style=\"color: #000000;\"><strong>Der Weg in die Zukunft von bezahlbarem Raumangebot!<\/strong><\/span><br \/>\n<span style=\"color: #000000;\">Um bezahlbaren Wohn- und Arbeitsraum realisieren zu k\u00f6nnen, um generell die Kosten f\u00fcr Immobilien und Bauen runder zu brechen, entwickeln wir <strong>cube-tower<\/strong>, ein Produkt, das bis ins letzte Detail perfekt durchgeplant ist. Auf dieser Basis standardisiert, in grossen St\u00fcckzahlen hochgradig industriell, rationell, preiswert, vorfabriziert. Kurze Planungs- und Montagezeiten, einheitliche und einfache Rohbau-Struktur, individueller Innenausbau, multifunktionaltaugliche Raumgr\u00f6ssen.<\/span><\/h3>\n<hr \/>\n<div class=\"page\" title=\"Page 2\">\n<p><img loading=\"lazy\" decoding=\"async\" class=\"aligncenter size-full wp-image-1734\" src=\"https:\/\/dka.ch\/wp-content\/uploads\/2019\/11\/CUBE-01.jpg\" alt=\"\" width=\"1800\" height=\"1013\" srcset=\"https:\/\/dka.ch\/wp-content\/uploads\/2019\/11\/CUBE-01.jpg 1800w, https:\/\/dka.ch\/wp-content\/uploads\/2019\/11\/CUBE-01-300x169.jpg 300w, https:\/\/dka.ch\/wp-content\/uploads\/2019\/11\/CUBE-01-768x432.jpg 768w, https:\/\/dka.ch\/wp-content\/uploads\/2019\/11\/CUBE-01-1024x576.jpg 1024w, https:\/\/dka.ch\/wp-content\/uploads\/2019\/11\/CUBE-01-1000x563.jpg 1000w\" sizes=\"auto, (max-width: 1800px) 100vw, 1800px\" \/><\/p>\n<hr \/>\n<p><img loading=\"lazy\" decoding=\"async\" class=\"aligncenter size-full wp-image-1735\" src=\"https:\/\/dka.ch\/wp-content\/uploads\/2019\/11\/CUBE-02.jpg\" alt=\"\" width=\"1800\" height=\"1013\" srcset=\"https:\/\/dka.ch\/wp-content\/uploads\/2019\/11\/CUBE-02.jpg 1800w, https:\/\/dka.ch\/wp-content\/uploads\/2019\/11\/CUBE-02-300x169.jpg 300w, https:\/\/dka.ch\/wp-content\/uploads\/2019\/11\/CUBE-02-768x432.jpg 768w, https:\/\/dka.ch\/wp-content\/uploads\/2019\/11\/CUBE-02-1024x576.jpg 1024w, https:\/\/dka.ch\/wp-content\/uploads\/2019\/11\/CUBE-02-1000x563.jpg 1000w\" sizes=\"auto, (max-width: 1800px) 100vw, 1800px\" \/><\/p>\n<hr \/>\n<p><img loading=\"lazy\" decoding=\"async\" class=\"aligncenter size-full wp-image-1736\" src=\"https:\/\/dka.ch\/wp-content\/uploads\/2019\/11\/CUBE-03.jpg\" alt=\"\" width=\"1800\" height=\"1013\" srcset=\"https:\/\/dka.ch\/wp-content\/uploads\/2019\/11\/CUBE-03.jpg 1800w, https:\/\/dka.ch\/wp-content\/uploads\/2019\/11\/CUBE-03-300x169.jpg 300w, https:\/\/dka.ch\/wp-content\/uploads\/2019\/11\/CUBE-03-768x432.jpg 768w, https:\/\/dka.ch\/wp-content\/uploads\/2019\/11\/CUBE-03-1024x576.jpg 1024w, https:\/\/dka.ch\/wp-content\/uploads\/2019\/11\/CUBE-03-1000x563.jpg 1000w\" sizes=\"auto, (max-width: 1800px) 100vw, 1800px\" \/><\/p>\n<hr \/>\n<p><img loading=\"lazy\" decoding=\"async\" class=\"aligncenter size-full wp-image-1737\" src=\"https:\/\/dka.ch\/wp-content\/uploads\/2019\/11\/CUBE-04.jpg\" alt=\"\" width=\"1800\" height=\"1013\" srcset=\"https:\/\/dka.ch\/wp-content\/uploads\/2019\/11\/CUBE-04.jpg 1800w, https:\/\/dka.ch\/wp-content\/uploads\/2019\/11\/CUBE-04-300x169.jpg 300w, https:\/\/dka.ch\/wp-content\/uploads\/2019\/11\/CUBE-04-768x432.jpg 768w, https:\/\/dka.ch\/wp-content\/uploads\/2019\/11\/CUBE-04-1024x576.jpg 1024w, https:\/\/dka.ch\/wp-content\/uploads\/2019\/11\/CUBE-04-1000x563.jpg 1000w\" sizes=\"auto, (max-width: 1800px) 100vw, 1800px\" \/><\/p>\n<hr \/>\n<p><img loading=\"lazy\" decoding=\"async\" class=\"aligncenter size-full wp-image-1738\" src=\"https:\/\/dka.ch\/wp-content\/uploads\/2019\/11\/CUBE-05.jpg\" alt=\"\" width=\"1800\" height=\"1013\" srcset=\"https:\/\/dka.ch\/wp-content\/uploads\/2019\/11\/CUBE-05.jpg 1800w, https:\/\/dka.ch\/wp-content\/uploads\/2019\/11\/CUBE-05-300x169.jpg 300w, https:\/\/dka.ch\/wp-content\/uploads\/2019\/11\/CUBE-05-768x432.jpg 768w, https:\/\/dka.ch\/wp-content\/uploads\/2019\/11\/CUBE-05-1024x576.jpg 1024w, https:\/\/dka.ch\/wp-content\/uploads\/2019\/11\/CUBE-05-1000x563.jpg 1000w\" sizes=\"auto, (max-width: 1800px) 100vw, 1800px\" \/><\/p>\n<hr \/>\n<p><img loading=\"lazy\" decoding=\"async\" class=\"aligncenter size-full wp-image-1739\" src=\"https:\/\/dka.ch\/wp-content\/uploads\/2019\/11\/CUBE-06.jpg\" alt=\"\" width=\"1800\" height=\"1013\" srcset=\"https:\/\/dka.ch\/wp-content\/uploads\/2019\/11\/CUBE-06.jpg 1800w, https:\/\/dka.ch\/wp-content\/uploads\/2019\/11\/CUBE-06-300x169.jpg 300w, https:\/\/dka.ch\/wp-content\/uploads\/2019\/11\/CUBE-06-768x432.jpg 768w, https:\/\/dka.ch\/wp-content\/uploads\/2019\/11\/CUBE-06-1024x576.jpg 1024w, https:\/\/dka.ch\/wp-content\/uploads\/2019\/11\/CUBE-06-1000x563.jpg 1000w\" sizes=\"auto, (max-width: 1800px) 100vw, 1800px\" \/><\/p>\n<hr \/>\n<p><img loading=\"lazy\" decoding=\"async\" class=\"aligncenter size-full wp-image-1740\" src=\"https:\/\/dka.ch\/wp-content\/uploads\/2019\/11\/CUBE-07.jpg\" alt=\"\" width=\"1800\" height=\"1013\" srcset=\"https:\/\/dka.ch\/wp-content\/uploads\/2019\/11\/CUBE-07.jpg 1800w, https:\/\/dka.ch\/wp-content\/uploads\/2019\/11\/CUBE-07-300x169.jpg 300w, https:\/\/dka.ch\/wp-content\/uploads\/2019\/11\/CUBE-07-768x432.jpg 768w, https:\/\/dka.ch\/wp-content\/uploads\/2019\/11\/CUBE-07-1024x576.jpg 1024w, https:\/\/dka.ch\/wp-content\/uploads\/2019\/11\/CUBE-07-1000x563.jpg 1000w\" sizes=\"auto, (max-width: 1800px) 100vw, 1800px\" \/><\/p>\n<hr \/>\n<p><img loading=\"lazy\" decoding=\"async\" class=\"aligncenter size-full wp-image-1741\" src=\"https:\/\/dka.ch\/wp-content\/uploads\/2019\/11\/CUBE-08.jpg\" alt=\"\" width=\"1800\" height=\"1013\" srcset=\"https:\/\/dka.ch\/wp-content\/uploads\/2019\/11\/CUBE-08.jpg 1800w, https:\/\/dka.ch\/wp-content\/uploads\/2019\/11\/CUBE-08-300x169.jpg 300w, https:\/\/dka.ch\/wp-content\/uploads\/2019\/11\/CUBE-08-768x432.jpg 768w, https:\/\/dka.ch\/wp-content\/uploads\/2019\/11\/CUBE-08-1024x576.jpg 1024w, https:\/\/dka.ch\/wp-content\/uploads\/2019\/11\/CUBE-08-1000x563.jpg 1000w\" sizes=\"auto, (max-width: 1800px) 100vw, 1800px\" \/><\/p>\n<hr \/>\n<p><img loading=\"lazy\" decoding=\"async\" class=\"aligncenter size-full wp-image-1742\" src=\"https:\/\/dka.ch\/wp-content\/uploads\/2019\/11\/CUBE-09.jpg\" alt=\"\" width=\"1800\" height=\"1013\" srcset=\"https:\/\/dka.ch\/wp-content\/uploads\/2019\/11\/CUBE-09.jpg 1800w, https:\/\/dka.ch\/wp-content\/uploads\/2019\/11\/CUBE-09-300x169.jpg 300w, https:\/\/dka.ch\/wp-content\/uploads\/2019\/11\/CUBE-09-768x432.jpg 768w, https:\/\/dka.ch\/wp-content\/uploads\/2019\/11\/CUBE-09-1024x576.jpg 1024w, https:\/\/dka.ch\/wp-content\/uploads\/2019\/11\/CUBE-09-1000x563.jpg 1000w\" sizes=\"auto, (max-width: 1800px) 100vw, 1800px\" \/><\/p>\n<\/div>\n<div>DKA GmbH \u2022 Pfeffingerstrasse 12 \u2022 4147 Aesch\\BL \u2022 079 724 46 38 \u2022 cadplaner@icloud.com<\/div>\n<div><\/div>\n","protected":false},"excerpt":{"rendered":"<p>&nbsp; &nbsp; \u2022 Multifunktionale Architektur \u2022 Multi-use Architecture \u2022 Architecture multifonctionnelle &nbsp; Mit einem Personenwagen kann man zum B\u00e4cker oder nach Helsinki fahren. Sie k\u00f6nnen es nutzen f\u00fcr die Fahrt zur Arbeit oder als TaxifahrerIn&hellip; <a class=\"excerpt-more-link\" href=\"https:\/\/dka.ch\/index.php\/das-modulare-tiny-house\/\">Read More<\/a><\/p>\n","protected":false},"author":1,"featured_media":0,"parent":0,"menu_order":0,"comment_status":"closed","ping_status":"closed","template":"page-templates\/full-width.php","meta":{"footnotes":""},"class_list":["post-1714","page","type-page","status-publish","hentry"],"_links":{"self":[{"href":"https:\/\/dka.ch\/index.php\/wp-json\/wp\/v2\/pages\/1714","targetHints":{"allow":["GET"]}}],"collection":[{"href":"https:\/\/dka.ch\/index.php\/wp-json\/wp\/v2\/pages"}],"about":[{"href":"https:\/\/dka.ch\/index.php\/wp-json\/wp\/v2\/types\/page"}],"author":[{"embeddable":true,"href":"https:\/\/dka.ch\/index.php\/wp-json\/wp\/v2\/users\/1"}],"replies":[{"embeddable":true,"href":"https:\/\/dka.ch\/index.php\/wp-json\/wp\/v2\/comments?post=1714"}],"version-history":[{"count":23,"href":"https:\/\/dka.ch\/index.php\/wp-json\/wp\/v2\/pages\/1714\/revisions"}],"predecessor-version":[{"id":2203,"href":"https:\/\/dka.ch\/index.php\/wp-json\/wp\/v2\/pages\/1714\/revisions\/2203"}],"wp:attachment":[{"href":"https:\/\/dka.ch\/index.php\/wp-json\/wp\/v2\/media?parent=1714"}],"curies":[{"name":"wp","href":"https:\/\/api.w.org\/{rel}","templated":true}]}}