{"id":1664,"date":"2019-07-16T23:49:11","date_gmt":"2019-07-16T21:49:11","guid":{"rendered":"https:\/\/dka.ch\/?page_id=1664"},"modified":"2020-11-30T18:02:55","modified_gmt":"2020-11-30T17:02:55","slug":"licht-und-wasser-statt-feuer-und-werk","status":"publish","type":"page","link":"https:\/\/dka.ch\/index.php\/licht-und-wasser-statt-feuer-und-werk\/","title":{"rendered":"Licht &#038; Wasser statt Feuer-Werk"},"content":{"rendered":"<h4><strong>Licht-Wasser Kunst-Event<\/strong><\/h4>\n<hr \/>\n<p>Das Licht- und Wasser-Kunst-Event als Alternative zu den Feuerwerken am 1. August bzw.<br \/>\n31. Juli und an Silvester bzw. 31. Dezember. Hunderte mit Musik choreografierte, mit Licht und Laser beleuchtete, massiv in die H\u00f6he schiessende Wasserfont\u00e4nen in weiss und in den sch\u00f6nsten Regenbogenfarben.<br \/>\nDas Rheinlicht, dass das Jahr hindurch an speziellen Abenden den Rhein hell erstrahlen l\u00e4sst \u00a0wechselt ebenfalls im Rhythmus der Musik Farb- und Helligkeit und bringt sich so mit ein in diese Licht, Laser und Wassershow. Das k\u00f6nnte f\u00fcr Basel spektakul\u00e4r werden.<\/p>\n<p><img loading=\"lazy\" decoding=\"async\" class=\"aligncenter size-full wp-image-1668\" src=\"https:\/\/dka.ch\/wp-content\/uploads\/2019\/07\/Wassershow-1.jpg\" alt=\"\" width=\"1200\" height=\"674\" srcset=\"https:\/\/dka.ch\/wp-content\/uploads\/2019\/07\/Wassershow-1.jpg 1200w, https:\/\/dka.ch\/wp-content\/uploads\/2019\/07\/Wassershow-1-300x169.jpg 300w, https:\/\/dka.ch\/wp-content\/uploads\/2019\/07\/Wassershow-1-768x431.jpg 768w, https:\/\/dka.ch\/wp-content\/uploads\/2019\/07\/Wassershow-1-1024x575.jpg 1024w, https:\/\/dka.ch\/wp-content\/uploads\/2019\/07\/Wassershow-1-1000x562.jpg 1000w\" sizes=\"auto, (max-width: 1200px) 100vw, 1200px\" \/><\/p>\n<p><img loading=\"lazy\" decoding=\"async\" class=\"aligncenter size-full wp-image-1669\" src=\"https:\/\/dka.ch\/wp-content\/uploads\/2019\/07\/Wassershow-2.jpg\" alt=\"\" width=\"1200\" height=\"510\" srcset=\"https:\/\/dka.ch\/wp-content\/uploads\/2019\/07\/Wassershow-2.jpg 1200w, https:\/\/dka.ch\/wp-content\/uploads\/2019\/07\/Wassershow-2-300x128.jpg 300w, https:\/\/dka.ch\/wp-content\/uploads\/2019\/07\/Wassershow-2-768x326.jpg 768w, https:\/\/dka.ch\/wp-content\/uploads\/2019\/07\/Wassershow-2-1024x435.jpg 1024w, https:\/\/dka.ch\/wp-content\/uploads\/2019\/07\/Wassershow-2-1000x425.jpg 1000w\" sizes=\"auto, (max-width: 1200px) 100vw, 1200px\" \/><\/p>\n<p><img loading=\"lazy\" decoding=\"async\" class=\"aligncenter size-full wp-image-1670\" src=\"https:\/\/dka.ch\/wp-content\/uploads\/2019\/07\/Wassershow-3.jpg\" alt=\"\" width=\"1200\" height=\"824\" srcset=\"https:\/\/dka.ch\/wp-content\/uploads\/2019\/07\/Wassershow-3.jpg 1200w, https:\/\/dka.ch\/wp-content\/uploads\/2019\/07\/Wassershow-3-300x206.jpg 300w, https:\/\/dka.ch\/wp-content\/uploads\/2019\/07\/Wassershow-3-768x527.jpg 768w, https:\/\/dka.ch\/wp-content\/uploads\/2019\/07\/Wassershow-3-1024x703.jpg 1024w, https:\/\/dka.ch\/wp-content\/uploads\/2019\/07\/Wassershow-3-1000x687.jpg 1000w\" sizes=\"auto, (max-width: 1200px) 100vw, 1200px\" \/><\/p>\n<p><span style=\"color: #ff6600;\"><strong><a href=\"https:\/\/dka.ch\/index.php\/rheinlicht\/\">Rheinlicht<\/a><\/strong><\/span><\/p>\n","protected":false},"excerpt":{"rendered":"<p>Licht-Wasser Kunst-Event Das Licht- und Wasser-Kunst-Event als Alternative zu den Feuerwerken am 1. August bzw. 31. Juli und an Silvester bzw. 31. Dezember. Hunderte mit Musik choreografierte, mit Licht und Laser beleuchtete, massiv in die&hellip; <a class=\"excerpt-more-link\" href=\"https:\/\/dka.ch\/index.php\/licht-und-wasser-statt-feuer-und-werk\/\">Read More<\/a><\/p>\n","protected":false},"author":1,"featured_media":0,"parent":0,"menu_order":0,"comment_status":"closed","ping_status":"closed","template":"","meta":{"footnotes":""},"class_list":["post-1664","page","type-page","status-publish","hentry"],"_links":{"self":[{"href":"https:\/\/dka.ch\/index.php\/wp-json\/wp\/v2\/pages\/1664","targetHints":{"allow":["GET"]}}],"collection":[{"href":"https:\/\/dka.ch\/index.php\/wp-json\/wp\/v2\/pages"}],"about":[{"href":"https:\/\/dka.ch\/index.php\/wp-json\/wp\/v2\/types\/page"}],"author":[{"embeddable":true,"href":"https:\/\/dka.ch\/index.php\/wp-json\/wp\/v2\/users\/1"}],"replies":[{"embeddable":true,"href":"https:\/\/dka.ch\/index.php\/wp-json\/wp\/v2\/comments?post=1664"}],"version-history":[{"count":11,"href":"https:\/\/dka.ch\/index.php\/wp-json\/wp\/v2\/pages\/1664\/revisions"}],"predecessor-version":[{"id":1921,"href":"https:\/\/dka.ch\/index.php\/wp-json\/wp\/v2\/pages\/1664\/revisions\/1921"}],"wp:attachment":[{"href":"https:\/\/dka.ch\/index.php\/wp-json\/wp\/v2\/media?parent=1664"}],"curies":[{"name":"wp","href":"https:\/\/api.w.org\/{rel}","templated":true}]}}