{"id":1496,"date":"2019-04-04T18:36:20","date_gmt":"2019-04-04T16:36:20","guid":{"rendered":"https:\/\/dka.ch\/?page_id=1496"},"modified":"2023-08-22T15:21:08","modified_gmt":"2023-08-22T13:21:08","slug":"tiny-house","status":"publish","type":"page","link":"https:\/\/dka.ch\/index.php\/tiny-house\/","title":{"rendered":"Tiny House"},"content":{"rendered":"<h1 style=\"text-align: center;\"><strong>Die vier Raumwunder von Basel-Land<\/strong><\/h1>\n<hr \/>\n<h3 class=\"entry-title\" style=\"text-align: center;\"><span style=\"color: #000000;\">Das Tiny House passt ideal zum ver\u00e4nderten Lebenswandel von heute, individuell,\u00a0<\/span><span style=\"color: #000000;\">unkonventionell und ausgesprochen heiter in seiner Erscheinung. Da ist alles drin,\u00a0alles dran, alles drum herum. Nur alles einfach kleiner, einfach handlicher,\u00a0einfach praktischer und einfach bezahlbar. Diese Minih\u00e4user verstr\u00f6men den\u00a0Duft der Verlockung, denn sie erf\u00fcllen den alten Traum von den eigenen vier\u00a0W\u00e4nden.<\/span><\/h3>\n<h3 style=\"text-align: center;\"><span style=\"color: #000000;\">Doch bleibt dies Theorie, solange man sich nicht professionell mit den vielen\u00a0Restriktionen der Bauvorschriften auseinander setzt. Wir haben schon 1999 den\u00a0Weg durch die Paragraphen auf uns genommen und uns einen Weg durch das\u00a0Dickicht der Vorschriften gebahnt. Besonders wichtig; wir konnten die Banken\u00a0von der Seriosit\u00e4t, von der Alltagstauglichkeit und von der Kreditw\u00fcrdigkeit\u00a0dieser Minih\u00e4user \u00fcberzeugen. Wir sind sozusagen die Erstbesteiger, die Sherpa\u00a0Tenzing\u2019s der Tiny Houses in der Schweiz. <\/span><\/h3>\n<h3 style=\"text-align: center;\"><span style=\"color: #000000;\">Diese Raumwunder unterliegen nun mal denselben Bauvorschriften wie alle\u00a0anderen H\u00e4user. F\u00fcr Trinkwasser, Abwasser, Elektrizit\u00e4t sind\u00a0bewilligungspflichtige Anschl\u00fcsse erforderlich.<span class=\"Apple-converted-space\">\u00a0Brandschutz,\u00a0Unfallschutz,\u00a0<\/span><\/span><span style=\"color: #000000;\">Hygieneanforderungen, Erdbebensicherheit, W\u00e4rmeschutz, niemand will und darf bei diesen\u00a0Themen fahrl\u00e4ssig vorgehen.<br \/>\nWir haben 20 Jahre Tiny House Erfahrung in Planung, Realisation, Nutzung und Betrieb. Ein sicherer Wert, von dem auch Sie profitieren.<br \/>\n<\/span><span style=\"color: #993300;\"><strong>Was Sie schon immer \u00fcber\u00a0<\/strong><\/span><span style=\"color: #993300;\"><span style=\"caret-color: #993300;\"><b>Tiny-houses wissen wollten aber nicht wussten an wenn Sie sich wenden k\u00f6nnten:<\/b><\/span><\/span><br \/>\n<span style=\"color: #000000;\"> Donat Kamber dipl. Architekt HTL<\/span><br \/>\n<span style=\"color: #000000;\">079 724 46 38<br \/>\n<a href=\"mailto:cadplaner@icloud.com\">cadplaner@icloud.com<\/a><\/span><\/h3>\n<hr \/>\n<h3><img loading=\"lazy\" decoding=\"async\" class=\"aligncenter size-full wp-image-1700\" src=\"https:\/\/dka.ch\/wp-content\/uploads\/2019\/04\/Tiny-house-20191020.1-3.jpg\" alt=\"\" width=\"900\" height=\"7535\" srcset=\"https:\/\/dka.ch\/wp-content\/uploads\/2019\/04\/Tiny-house-20191020.1-3.jpg 900w, https:\/\/dka.ch\/wp-content\/uploads\/2019\/04\/Tiny-house-20191020.1-3-36x300.jpg 36w, https:\/\/dka.ch\/wp-content\/uploads\/2019\/04\/Tiny-house-20191020.1-3-768x6430.jpg 768w\" sizes=\"auto, (max-width: 900px) 100vw, 900px\" \/><\/h3>\n<p>DKA GmbH \u2022 Pfeffingerstrasse 12 \u2022 4147 Aesch\\BL \u2022 079 724 46 38 \u2022 cadplaner@icloud.com<\/p>\n","protected":false},"excerpt":{"rendered":"<p>Die vier Raumwunder von Basel-Land Das Tiny House passt ideal zum ver\u00e4nderten Lebenswandel von heute, individuell,\u00a0unkonventionell und ausgesprochen heiter in seiner Erscheinung. Da ist alles drin,\u00a0alles dran, alles drum herum. Nur alles einfach kleiner, einfach&hellip; <a class=\"excerpt-more-link\" href=\"https:\/\/dka.ch\/index.php\/tiny-house\/\">Read More<\/a><\/p>\n","protected":false},"author":1,"featured_media":0,"parent":0,"menu_order":0,"comment_status":"closed","ping_status":"closed","template":"page-templates\/full-width.php","meta":{"footnotes":""},"class_list":["post-1496","page","type-page","status-publish","hentry"],"_links":{"self":[{"href":"https:\/\/dka.ch\/index.php\/wp-json\/wp\/v2\/pages\/1496","targetHints":{"allow":["GET"]}}],"collection":[{"href":"https:\/\/dka.ch\/index.php\/wp-json\/wp\/v2\/pages"}],"about":[{"href":"https:\/\/dka.ch\/index.php\/wp-json\/wp\/v2\/types\/page"}],"author":[{"embeddable":true,"href":"https:\/\/dka.ch\/index.php\/wp-json\/wp\/v2\/users\/1"}],"replies":[{"embeddable":true,"href":"https:\/\/dka.ch\/index.php\/wp-json\/wp\/v2\/comments?post=1496"}],"version-history":[{"count":52,"href":"https:\/\/dka.ch\/index.php\/wp-json\/wp\/v2\/pages\/1496\/revisions"}],"predecessor-version":[{"id":2080,"href":"https:\/\/dka.ch\/index.php\/wp-json\/wp\/v2\/pages\/1496\/revisions\/2080"}],"wp:attachment":[{"href":"https:\/\/dka.ch\/index.php\/wp-json\/wp\/v2\/media?parent=1496"}],"curies":[{"name":"wp","href":"https:\/\/api.w.org\/{rel}","templated":true}]}}